{"id":11,"date":"2021-05-13T05:31:27","date_gmt":"2021-05-13T05:31:27","guid":{"rendered":"http:\/\/eisiskiuarsportomokykla.lt\/index.php\/about\/"},"modified":"2023-03-02T11:29:17","modified_gmt":"2023-03-02T09:29:17","slug":"apie-mus","status":"publish","type":"page","link":"https:\/\/eisiskiuarsportomokykla.lt\/index.php\/apie-mus\/","title":{"rendered":"Apie mus"},"content":{"rendered":"\n<div class=\"wp-block-cover alignfull\" style=\"min-height:500px;aspect-ratio:unset;\"><span aria-hidden=\"true\" class=\"wp-block-cover__background has-ast-global-color-0-background-color has-background-dim-100 has-background-dim\"><\/span><div class=\"wp-block-cover__inner-container is-layout-flow wp-block-cover-is-layout-flow\">\n<h1 class=\"has-white-color has-text-color wp-block-heading\" id=\"apie-mus\">Apie mus<\/h1>\n\n\n\n<p><\/p>\n<\/div><\/div>\n\n\n\n<div class=\"inherit-container-width wp-block-group alignfull has-ast-global-color-5-background-color has-background is-layout-constrained wp-block-group-is-layout-constrained\"><div class=\"wp-block-group__inner-container\">\n<div class=\"wp-block-media-text alignwide is-stacked-on-mobile has-ast-global-color-0-background-color has-background\"><figure class=\"wp-block-media-text__media\"><img fetchpriority=\"high\" decoding=\"async\" width=\"1024\" height=\"768\" src=\"http:\/\/eisiskiuarsportomokykla.lt\/wp-content\/uploads\/2022\/02\/Eisiskes_Antonio_Ratkeviciaus_sporto_mokykla-1024x768.jpg\" alt=\"\" class=\"wp-image-348 size-full\" srcset=\"https:\/\/eisiskiuarsportomokykla.lt\/wp-content\/uploads\/2022\/02\/Eisiskes_Antonio_Ratkeviciaus_sporto_mokykla-1024x768.jpg 1024w, https:\/\/eisiskiuarsportomokykla.lt\/wp-content\/uploads\/2022\/02\/Eisiskes_Antonio_Ratkeviciaus_sporto_mokykla-300x225.jpg 300w, https:\/\/eisiskiuarsportomokykla.lt\/wp-content\/uploads\/2022\/02\/Eisiskes_Antonio_Ratkeviciaus_sporto_mokykla-768x576.jpg 768w, https:\/\/eisiskiuarsportomokykla.lt\/wp-content\/uploads\/2022\/02\/Eisiskes_Antonio_Ratkeviciaus_sporto_mokykla-1536x1152.jpg 1536w, https:\/\/eisiskiuarsportomokykla.lt\/wp-content\/uploads\/2022\/02\/Eisiskes_Antonio_Ratkeviciaus_sporto_mokykla-2048x1536.jpg 2048w\" sizes=\"(max-width: 1024px) 100vw, 1024px\" \/><\/figure><div class=\"wp-block-media-text__content\">\n<h2 class=\"has-white-color has-text-color wp-block-heading\" id=\"salcininku-rajono-eisiskiu-antonio-ratkeviciaus-sporto-mokykla\">\u0160al\u010dinink\u0173 rajono Ei\u0161i\u0161ki\u0173 Antonio Ratkevi\u010diaus sporto mokykla<\/h2>\n\n\n\n<p class=\"has-white-color has-text-color\">\u0160al\u010dinink\u0173 rajono Ei\u0161i\u0161ki\u0173 Antonio Ratkevi\u010diaus sporto mokykla \u2013 biud\u017eetin\u0117 \u0160al\u010dinink\u0173 rajono savivaldyb\u0117s \u012fstaiga, veikianti pagal Ei\u0161i\u0161ki\u0173 A. Ratkevi\u010daus SM nuostatus.<\/p>\n<\/div><\/div>\n<\/div><\/div>\n\n\n\n<div class=\"inherit-container-width wp-block-group alignfull has-ast-global-color-5-background-color has-background is-layout-constrained wp-block-group-is-layout-constrained\"><div class=\"wp-block-group__inner-container\">\n<div class=\"wp-block-columns alignwide is-layout-flex wp-container-core-columns-is-layout-28f84493 wp-block-columns-is-layout-flex\">\n<div class=\"wp-block-column is-layout-flow wp-block-column-is-layout-flow\" style=\"flex-basis:100%\">\n<h3 class=\"wp-block-heading\" id=\"istorija\">Istorija<\/h3>\n\n\n\n<p>\u0160al\u010dinink\u0173 rajono <strong>Ei\u0161i\u0161ki\u0173 Antonio Ratkevi\u010diaus sporto mokykla<\/strong> \u0160al\u010dinink\u0173 rajono savivaldyb\u0117s tarybos sprendimu veikia nuo 1994 met\u0173 m. rugpj\u016b\u010dio 29 d.. Ta\u010diau \u0161ios mokyklos \u012fk\u016brimo istorija siekia 1969 metus kai buvo atidaryta pirma ir vienintel\u0117 rajone vaik\u0173 ir jauni\u0173 sporto mokykla. <br><br>1969 m. rugs\u0117jo 1 diena \u012fkurta <strong>Ei\u0161i\u0161ki\u0173 vaik\u0173 ir jauni\u0173 sporto mokykla<\/strong>, buvusios sinagogos pastate j\u0105 rekonstravus. \u0160ioje mokykloje nuo prad\u017ei\u0173 buvo vedamos lengvosios atletikos, tinklinio ir rankinio sp. \u0161ak\u0173 treniruot\u0117s. 1972 m. buvo \u012fkurtas stalo tenisas, 1985 m. buvo pastatyta nauja stalo tenisui skirta sal\u0117. Nuo 1972 m. prad\u0117jo veikti rankinio skyrius \u0160al\u010dininkuose. 1992 m. \u0160al\u010dininkuose atsiv\u0117r\u0117 durys ir stalo tenisui. 2005 metais SM prad\u0117jo veikti tinklinio skyrius. Nuo 2014 m. B. Vok\u0117je \u012fsik\u016br\u0117 Graik\u0173-rom\u0117n\u0173 imtyni\u0173 skyrius.<br><br>\u012e antr\u0105j\u0105 am\u017eiaus pus\u0119 \u012f\u017eengus sporto mokykla turi suremontuot\u0105 ir moderni\u0105 sporto sal\u0119. Renovacija vyko \u012fgyvendinant 2 projektus: tarptautin\u012f INTERREG projekt\u0105 \u201eSavivaldyb\u0117s aktyvios bendruomen\u0117s nariai\u201c kuriame dalyvavo \u0160al\u010dinink\u0173 ir Var\u0117nos rajon\u0173 savivaldyb\u0117s ir Lenkijos Sokulkos vals\u010dius ir \u201e\u0160al\u010dininkai+ funkcin\u0117s zonos pl\u0117tros strategijos \u012fgyvendinimas\u201c bei rajono biud\u017eeto biud\u017eeto l\u0117\u0161\u0173.<\/p>\n<\/div>\n<\/div>\n<\/div><\/div>\n\n\n\n<div class=\"inherit-container-width wp-block-group alignfull has-ast-global-color-5-background-color has-background is-layout-constrained wp-block-group-is-layout-constrained\"><div class=\"wp-block-group__inner-container\">\n<div class=\"wp-block-media-text has-media-on-the-right is-stacked-on-mobile is-vertically-aligned-center has-ast-global-color-0-background-color has-background\"><div class=\"wp-block-media-text__content\">\n<h2 class=\"has-text-align-left has-white-color has-text-color wp-block-heading\" id=\"sporto-sakos-1\">Sporto \u0161akos<\/h2>\n\n\n\n<p class=\"has-text-align-left has-white-color has-text-color\">Jei norite, kad J\u016bs\u0173 vaikas prisijungt\u0173 prie m\u016bs\u0173 sporto mokyklos komandos ir tapt\u0173 jos dalimi, rinkit\u0117s vien\u0105 i\u0161 \u0161i\u0173 sporto \u0161ak\u0173:<\/p>\n\n\n\n<ul class=\"wp-block-list\">\n<li><strong>Rankinis <\/strong>&#8211; Ei\u0161i\u0161k\u0117se, \u0160al\u010dininkuose ir Ja\u0161i\u016bnuose<\/li>\n\n\n\n<li><strong>Stalo tenisas<\/strong> \u2013 Ei\u0161i\u0161k\u0117s ir \u0160al\u010dininkai<\/li>\n\n\n\n<li><strong>Tinklinis <\/strong>\u2013 \u0160al\u010dininkuose<\/li>\n\n\n\n<li><strong>Graik\u0173-rom\u0117n\u0173 imtyn\u0117s<\/strong> \u2013 Baltojoje Vok\u0117je<\/li>\n<\/ul>\n<\/div><figure class=\"wp-block-media-text__media\"><img decoding=\"async\" width=\"1024\" height=\"768\" src=\"https:\/\/eisiskiuarsportomokykla.lt\/wp-content\/uploads\/2023\/03\/darzelis-1-1024x768.jpg\" alt=\"\" class=\"wp-image-714 size-full\" srcset=\"https:\/\/eisiskiuarsportomokykla.lt\/wp-content\/uploads\/2023\/03\/darzelis-1-1024x768.jpg 1024w, https:\/\/eisiskiuarsportomokykla.lt\/wp-content\/uploads\/2023\/03\/darzelis-1-300x225.jpg 300w, https:\/\/eisiskiuarsportomokykla.lt\/wp-content\/uploads\/2023\/03\/darzelis-1-768x576.jpg 768w, https:\/\/eisiskiuarsportomokykla.lt\/wp-content\/uploads\/2023\/03\/darzelis-1-1536x1152.jpg 1536w, https:\/\/eisiskiuarsportomokykla.lt\/wp-content\/uploads\/2023\/03\/darzelis-1.jpg 2048w\" sizes=\"(max-width: 1024px) 100vw, 1024px\" \/><\/figure><\/div>\n<\/div><\/div>\n\n\n\n<div class=\"inherit-container-width wp-block-group alignfull has-ast-global-color-5-background-color has-background is-layout-constrained wp-block-group-is-layout-constrained\"><div class=\"wp-block-group__inner-container\">\n<h2 class=\"has-text-align-center wp-block-heading\" id=\"vienintele-sporto-mokykla-rajone\">Vienintel\u0117 sporto mokykla rajone<\/h2>\n\n\n\n<div class=\"wp-block-columns alignwide is-layout-flex wp-container-core-columns-is-layout-28f84493 wp-block-columns-is-layout-flex\">\n<div class=\"wp-block-column is-layout-flow wp-block-column-is-layout-flow\">\n<p><strong>Vienintel\u0117 sporto mokykla rajone<\/strong> \u2013 i\u0161ugdanti auk\u0161to meistri\u0161kumo sportininkus, geban\u010dius atstovauti ir garsinti Ei\u0161i\u0161ki\u0173 A. Ratkevi\u010diaus sporto mokyklos, \u0160al\u010dinink\u0173 rajono ir Lietuvos vard\u0105 <strong>vietiniuose <\/strong>bei <strong>Europos \u010dempionatuose<\/strong>, taip pat <strong>respublikiniuose<\/strong> ir <strong>tarptautiniuose turnyruose<\/strong> ir \u012fvairiuose renginiuose.<\/p>\n<\/div>\n<\/div>\n<\/div><\/div>\n\n\n\n<div class=\"wp-block-cover alignfull\" style=\"min-height:200px;aspect-ratio:unset;\"><span aria-hidden=\"true\" class=\"wp-block-cover__background has-ast-global-color-0-background-color has-background-dim-100 has-background-dim\"><\/span><div class=\"wp-block-cover__inner-container is-layout-flow wp-block-cover-is-layout-flow\">\n<div class=\"wp-block-media-text is-stacked-on-mobile is-vertically-aligned-center\"><figure class=\"wp-block-media-text__media\"><img decoding=\"async\" width=\"1024\" height=\"768\" src=\"https:\/\/eisiskiuarsportomokykla.lt\/wp-content\/uploads\/2023\/03\/darzelis-4-1024x768.jpg\" alt=\"\" class=\"wp-image-760 size-full\" srcset=\"https:\/\/eisiskiuarsportomokykla.lt\/wp-content\/uploads\/2023\/03\/darzelis-4-1024x768.jpg 1024w, https:\/\/eisiskiuarsportomokykla.lt\/wp-content\/uploads\/2023\/03\/darzelis-4-300x225.jpg 300w, https:\/\/eisiskiuarsportomokykla.lt\/wp-content\/uploads\/2023\/03\/darzelis-4-768x576.jpg 768w, https:\/\/eisiskiuarsportomokykla.lt\/wp-content\/uploads\/2023\/03\/darzelis-4-1536x1152.jpg 1536w, https:\/\/eisiskiuarsportomokykla.lt\/wp-content\/uploads\/2023\/03\/darzelis-4.jpg 2048w\" sizes=\"(max-width: 1024px) 100vw, 1024px\" \/><\/figure><div class=\"wp-block-media-text__content\">\n<div class=\"inherit-container-width wp-block-group is-layout-constrained wp-block-group-is-layout-constrained\"><div class=\"wp-block-group__inner-container\">\n<h2 class=\"has-text-align-center has-white-color has-text-color wp-block-heading\" id=\"nori-suzinoti-daugiau-apie-mus-susisiek\">Nori su\u017einoti daugiau apie mus? Susisiek!<\/h2>\n\n\n\n<div class=\"wp-block-buttons is-horizontal is-content-justification-center is-layout-flex wp-container-core-buttons-is-layout-03627597 wp-block-buttons-is-layout-flex\">\n<div class=\"wp-block-button\"><a class=\"wp-block-button__link has-ast-global-color-0-color has-ast-global-color-4-background-color has-text-color has-background wp-element-button\" href=\"#\">(8-380) 56498<\/a><\/div>\n<\/div>\n<\/div><\/div>\n<\/div><\/div>\n<\/div><\/div>\n","protected":false},"excerpt":{"rendered":"<p>\u0160al\u010dinink\u0173 rajono Ei\u0161i\u0161ki\u0173 Antonio Ratkevi\u010diaus sporto mokykla \u0160al\u010dinink\u0173 rajono Ei\u0161i\u0161ki\u0173 Antonio Ratkevi\u010diaus sporto mokykla \u2013 biud\u017eetin\u0117 \u0160al\u010dinink\u0173 rajono savivaldyb\u0117s \u012fstaiga, veikianti pagal Ei\u0161i\u0161ki\u0173 A. Ratkevi\u010daus SM nuostatus. Istorija \u0160al\u010dinink\u0173 rajono Ei\u0161i\u0161ki\u0173 Antonio Ratkevi\u010diaus sporto mokykla \u0160al\u010dinink\u0173 rajono savivaldyb\u0117s tarybos sprendimu veikia nuo 1994 met\u0173 m. rugpj\u016b\u010dio 29 d.. Ta\u010diau \u0161ios mokyklos \u012fk\u016brimo istorija siekia 1969 &hellip;<\/p>\n<p class=\"read-more\"> <a class=\"\" href=\"https:\/\/eisiskiuarsportomokykla.lt\/index.php\/apie-mus\/\"> <span class=\"screen-reader-text\">Apie mus<\/span> Skaityti daugiau &raquo;<\/a><\/p>\n","protected":false},"author":1,"featured_media":0,"parent":0,"menu_order":0,"comment_status":"closed","ping_status":"closed","template":"","meta":{"site-sidebar-layout":"no-sidebar","site-content-layout":"plain-container","ast-global-header-display":"","ast-main-header-display":"","ast-hfb-above-header-display":"","ast-hfb-below-header-display":"","ast-hfb-mobile-header-display":"","site-post-title":"disabled","ast-breadcrumbs-content":"","ast-featured-img":"","footer-sml-layout":"","theme-transparent-header-meta":"enabled","adv-header-id-meta":"","stick-header-meta":"","header-above-stick-meta":"","header-main-stick-meta":"","header-below-stick-meta":"","footnotes":""},"class_list":["post-11","page","type-page","status-publish","hentry"],"_links":{"self":[{"href":"https:\/\/eisiskiuarsportomokykla.lt\/index.php\/wp-json\/wp\/v2\/pages\/11","targetHints":{"allow":["GET"]}}],"collection":[{"href":"https:\/\/eisiskiuarsportomokykla.lt\/index.php\/wp-json\/wp\/v2\/pages"}],"about":[{"href":"https:\/\/eisiskiuarsportomokykla.lt\/index.php\/wp-json\/wp\/v2\/types\/page"}],"author":[{"embeddable":true,"href":"https:\/\/eisiskiuarsportomokykla.lt\/index.php\/wp-json\/wp\/v2\/users\/1"}],"replies":[{"embeddable":true,"href":"https:\/\/eisiskiuarsportomokykla.lt\/index.php\/wp-json\/wp\/v2\/comments?post=11"}],"version-history":[{"count":25,"href":"https:\/\/eisiskiuarsportomokykla.lt\/index.php\/wp-json\/wp\/v2\/pages\/11\/revisions"}],"predecessor-version":[{"id":874,"href":"https:\/\/eisiskiuarsportomokykla.lt\/index.php\/wp-json\/wp\/v2\/pages\/11\/revisions\/874"}],"wp:attachment":[{"href":"https:\/\/eisiskiuarsportomokykla.lt\/index.php\/wp-json\/wp\/v2\/media?parent=11"}],"curies":[{"name":"wp","href":"https:\/\/api.w.org\/{rel}","templated":true}]}}