{"id":1128,"date":"2023-11-06T10:32:15","date_gmt":"2023-11-06T08:32:15","guid":{"rendered":"https:\/\/eisiskiuarsportomokykla.lt\/?page_id=1128"},"modified":"2024-10-25T11:38:15","modified_gmt":"2024-10-25T08:38:15","slug":"korupcijos-prevencija","status":"publish","type":"page","link":"https:\/\/eisiskiuarsportomokykla.lt\/index.php\/korupcijos-prevencija\/","title":{"rendered":"Korupcijos prevencija"},"content":{"rendered":"\n<p><strong>Korupcijos prevencija<\/strong>&nbsp;\u2013 sisteminga veikla, kuria siekiama didinti vie\u0161ojo ir privataus sektori\u0173 subjekt\u0173 atsparum\u0105 korupcijai ir kuri apima korupcijos rizikos veiksni\u0173 nustatym\u0105, \u012fvertinim\u0105, \u0161alinim\u0105 ir (ar) ma\u017einim\u0105, sudarant bei \u012fgyvendinant korupcijai atsparios aplinkos k\u016brimo priemoni\u0173 sistem\u0105.<br><br><strong>Pagrindiniai korupcijos prevencijos u\u017edaviniai:<\/strong><br>1) kurti korupcijai atspari\u0105 aplink\u0105;<br>2) didinti antikorupcin\u012f s\u0105moningum\u0105;<br>3) sistemi\u0161kai ir koordinuotai \u0161alinti korupcijos rizikos veiksnius, ma\u017einti korupcijos rizik\u0105;<br>4) sudaryti prielaidas darniam ir veiksmingam korupcijos prevencijos subjekt\u0173 sistemos veikimui;<br>5) ma\u017einti ekonomines korupcijos paskatas;<br>6) u\u017etikrinti aktyv\u0173 privataus sektoriaus subjekt\u0173 ir visuomen\u0117s \u012fsitraukim\u0105 \u012f korupcijos prevencij\u0105;<br>7) skatinti skaidr\u0173, s\u0105\u017eining\u0105 ir atvir\u0105 administracini\u0173, vie\u0161\u0173j\u0173 ir kit\u0173 paslaug\u0173 teikim\u0105.<\/p>\n\n\n\n<p><strong>Pagrindin\u0117s korupcijos prevencijos priemon\u0117s:<\/strong><br>1) korupcijos rizikos analiz\u0117;<br>2) korupcijos prevencijos planavimo dokumentai;<br>3) teis\u0117s akt\u0173 ar j\u0173 projekt\u0173 antikorupcinis vertinimas;<br>4) prane\u0161imas apie korupcinio pob\u016bd\u017eio nusikalstamas veikas;<br>5) korupcijos rizikos valdymo vertinimas;<br>6) atsparumo korupcijai lygio nustatymas;<br>7) antikorupcini\u0173 elgesio standart\u0173 diegimas.<\/p>\n\n\n\n<p>U\u017e korupcijos prevencij\u0105 Ei\u0161i\u0161ki\u0173 A. Ratkevi\u010diaus sporto mokykloje atsakingas asmuo:<br>Lilija Firinovi\u010d-direktoriaus pavaduotoja ugdymui +37061411327. el.p. lilija.firinovic@eisiskiuarsportomokykla.lt <\/p>\n\n\n\n<p><a href=\"https:\/\/aktai.salcininkai.lt\/document\/64416\">https:\/\/aktai.salcininkai.lt\/document\/64416<\/a><\/p>\n\n\n\n<p>Informuoti apie galimas korupcinio pob\u016bd\u017eio nusikalstamas veikas ar kitus tapataus pob\u016bd\u017eio, ta\u010diau ma\u017eiau pavojingus teis\u0117s pa\u017eeidimus galite auk\u0161\u010diau nurodytais kontaktais.<br><\/p>\n\n\n\n<div class=\"wp-block-file\"><a id=\"wp-block-file--media-57a86dc6-bcff-4366-bcee-d1f311310633\" href=\"https:\/\/eisiskiuarsportomokykla.lt\/wp-content\/uploads\/2023\/11\/2V-57.pdf\">2V-57<\/a><a href=\"https:\/\/eisiskiuarsportomokykla.lt\/wp-content\/uploads\/2023\/11\/2V-57.pdf\" class=\"wp-block-file__button wp-element-button\" download aria-describedby=\"wp-block-file--media-57a86dc6-bcff-4366-bcee-d1f311310633\">Pareigyb\u0117s, kurios tikrinamos STT<\/a><\/div>\n\n\n\n<div class=\"wp-block-file\"><a id=\"wp-block-file--media-09db3114-335f-458f-94c3-7909535d9dc0\" href=\"https:\/\/eisiskiuarsportomokykla.lt\/wp-content\/uploads\/2023\/11\/2V-56.pdf\">2V-56<\/a><a href=\"https:\/\/eisiskiuarsportomokykla.lt\/wp-content\/uploads\/2023\/11\/2V-56.pdf\" class=\"wp-block-file__button wp-element-button\" download aria-describedby=\"wp-block-file--media-09db3114-335f-458f-94c3-7909535d9dc0\">Antikorupcinio elgesio taisykl\u0117s<\/a><\/div>\n\n\n\n<div class=\"wp-block-file\"><a id=\"wp-block-file--media-e2a4f7f0-6d91-4cf9-a22c-dbd98192d6a2\" href=\"https:\/\/eisiskiuarsportomokykla.lt\/wp-content\/uploads\/2023\/11\/2V-53.pdf\">2V-53<\/a><a href=\"https:\/\/eisiskiuarsportomokykla.lt\/wp-content\/uploads\/2023\/11\/2V-53.pdf\" class=\"wp-block-file__button wp-element-button\" download aria-describedby=\"wp-block-file--media-e2a4f7f0-6d91-4cf9-a22c-dbd98192d6a2\">Asmenys privalantys deklaruoti priva\u010dius interesus<\/a><\/div>\n\n\n\n<div class=\"wp-block-file\"><a id=\"wp-block-file--media-aa8fc660-e63d-4c16-acf2-16ab99afea57\" href=\"https:\/\/eisiskiuarsportomokykla.lt\/wp-content\/uploads\/2024\/10\/2V-63-Dovanu-vertinimo-komisijos-nustatymo.pdf\">2V-63 Dovan\u0173 vertinimo komisijos nustatymo<\/a><a href=\"https:\/\/eisiskiuarsportomokykla.lt\/wp-content\/uploads\/2024\/10\/2V-63-Dovanu-vertinimo-komisijos-nustatymo.pdf\" class=\"wp-block-file__button wp-element-button\" download aria-describedby=\"wp-block-file--media-aa8fc660-e63d-4c16-acf2-16ab99afea57\">Parsisi\u0173sti<\/a><\/div>\n\n\n\n<div class=\"wp-block-file\"><a id=\"wp-block-file--media-7b7d4a76-3e53-4436-9c64-c8189e63f622\" href=\"https:\/\/eisiskiuarsportomokykla.lt\/wp-content\/uploads\/2024\/10\/Dovanu-registro-tvarka-2V-62.docx\">2V-62 Dovan\u0173 registro tvarka<\/a><a href=\"https:\/\/eisiskiuarsportomokykla.lt\/wp-content\/uploads\/2024\/10\/Dovanu-registro-tvarka-2V-62.docx\" class=\"wp-block-file__button wp-element-button\" download aria-describedby=\"wp-block-file--media-7b7d4a76-3e53-4436-9c64-c8189e63f622\">Parsisi\u0173sti<\/a><\/div>\n\n\n\n<div class=\"wp-block-file\"><a id=\"wp-block-file--media-9d53bf2b-1b24-49cd-8d45-63594a79df05\" href=\"https:\/\/eisiskiuarsportomokykla.lt\/wp-content\/uploads\/2024\/10\/SM-Etikos-kodeksas.pdf\">SM Etikos kodeksas<\/a><a href=\"https:\/\/eisiskiuarsportomokykla.lt\/wp-content\/uploads\/2024\/10\/SM-Etikos-kodeksas.pdf\" class=\"wp-block-file__button wp-element-button\" download aria-describedby=\"wp-block-file--media-9d53bf2b-1b24-49cd-8d45-63594a79df05\">Parsisi\u0173sti<\/a><\/div>\n\n\n\n<p><strong>Informacija apie gautus korupcinio pob\u016bd\u017eio nusikalstamos veikos prane\u0161imus:<\/strong><br>2023&nbsp;m. \u2013 negautas nei vienas prane\u0161imas<\/p>\n\n\n\n<p><strong>Daugiau informacijos antikorupcine tema:<\/strong><br><a href=\"https:\/\/www.stt.lt\/pateikti-pranesima-apie-korupcija\/7425\">Pateikti prane\u0161im\u0105 apie korupcij\u0105 | STT<\/a> <br><a href=\"https:\/\/e-seimas.lrs.lt\/portal\/legalActEditions\/lt\/TAD\/TAIS.168154?faces-redirect=true\">IX-904 Lietuvos Respublikos korupcijos prevencijos \u012fstatymas (lrs.lt)<\/a><br><a href=\"https:\/\/www.stt.lt\/nacionaline-kovos-su-korupcija-programa-ir-jos-igyvendinimo-dokumentai\/7660\">Nacionalin\u0117 kovos su korupcija programa ir jos \u012fgyvendinimo dokumentai | STT<\/a><\/p>\n","protected":false},"excerpt":{"rendered":"<p>Korupcijos prevencija&nbsp;\u2013 sisteminga veikla, kuria siekiama didinti vie\u0161ojo ir privataus sektori\u0173 subjekt\u0173 atsparum\u0105 korupcijai ir kuri apima korupcijos rizikos veiksni\u0173 nustatym\u0105, \u012fvertinim\u0105, \u0161alinim\u0105 ir (ar) ma\u017einim\u0105, sudarant bei \u012fgyvendinant korupcijai atsparios aplinkos k\u016brimo priemoni\u0173 sistem\u0105. Pagrindiniai korupcijos prevencijos u\u017edaviniai:1) kurti korupcijai atspari\u0105 aplink\u0105;2) didinti antikorupcin\u012f s\u0105moningum\u0105;3) sistemi\u0161kai ir koordinuotai \u0161alinti korupcijos rizikos veiksnius, ma\u017einti korupcijos &hellip;<\/p>\n<p class=\"read-more\"> <a class=\"\" href=\"https:\/\/eisiskiuarsportomokykla.lt\/index.php\/korupcijos-prevencija\/\"> <span class=\"screen-reader-text\">Korupcijos prevencija<\/span> Skaityti daugiau &raquo;<\/a><\/p>\n","protected":false},"author":2,"featured_media":0,"parent":0,"menu_order":0,"comment_status":"closed","ping_status":"closed","template":"","meta":{"site-sidebar-layout":"default","site-content-layout":"default","ast-global-header-display":"","ast-main-header-display":"","ast-hfb-above-header-display":"","ast-hfb-below-header-display":"","ast-hfb-mobile-header-display":"","site-post-title":"","ast-breadcrumbs-content":"","ast-featured-img":"","footer-sml-layout":"","theme-transparent-header-meta":"","adv-header-id-meta":"","stick-header-meta":"","header-above-stick-meta":"","header-main-stick-meta":"","header-below-stick-meta":"","footnotes":""},"class_list":["post-1128","page","type-page","status-publish","hentry"],"_links":{"self":[{"href":"https:\/\/eisiskiuarsportomokykla.lt\/index.php\/wp-json\/wp\/v2\/pages\/1128","targetHints":{"allow":["GET"]}}],"collection":[{"href":"https:\/\/eisiskiuarsportomokykla.lt\/index.php\/wp-json\/wp\/v2\/pages"}],"about":[{"href":"https:\/\/eisiskiuarsportomokykla.lt\/index.php\/wp-json\/wp\/v2\/types\/page"}],"author":[{"embeddable":true,"href":"https:\/\/eisiskiuarsportomokykla.lt\/index.php\/wp-json\/wp\/v2\/users\/2"}],"replies":[{"embeddable":true,"href":"https:\/\/eisiskiuarsportomokykla.lt\/index.php\/wp-json\/wp\/v2\/comments?post=1128"}],"version-history":[{"count":15,"href":"https:\/\/eisiskiuarsportomokykla.lt\/index.php\/wp-json\/wp\/v2\/pages\/1128\/revisions"}],"predecessor-version":[{"id":1306,"href":"https:\/\/eisiskiuarsportomokykla.lt\/index.php\/wp-json\/wp\/v2\/pages\/1128\/revisions\/1306"}],"wp:attachment":[{"href":"https:\/\/eisiskiuarsportomokykla.lt\/index.php\/wp-json\/wp\/v2\/media?parent=1128"}],"curies":[{"name":"wp","href":"https:\/\/api.w.org\/{rel}","templated":true}]}}