{"id":12,"date":"2021-05-13T05:31:27","date_gmt":"2021-05-13T05:31:27","guid":{"rendered":"http:\/\/eisiskiuarsportomokykla.lt\/index.php\/services\/"},"modified":"2023-04-07T14:07:21","modified_gmt":"2023-04-07T11:07:21","slug":"veiklos","status":"publish","type":"page","link":"https:\/\/eisiskiuarsportomokykla.lt\/index.php\/veiklos\/","title":{"rendered":"Sporto \u0161akos"},"content":{"rendered":"\n<div class=\"wp-block-cover alignfull\" style=\"min-height:500px;aspect-ratio:unset;\"><span aria-hidden=\"true\" class=\"wp-block-cover__background has-ast-global-color-0-background-color has-background-dim-100 has-background-dim\"><\/span><div class=\"wp-block-cover__inner-container is-layout-flow wp-block-cover-is-layout-flow\">\n<h1 class=\"wp-block-heading has-white-color has-text-color\">M\u016bs\u0173 si\u016blomos sporto \u0161akos<\/h1>\n<\/div><\/div>\n\n\n\n<div class=\"inherit-container-width wp-block-group alignfull has-ast-global-color-5-background-color has-background is-layout-constrained wp-block-group-is-layout-constrained\"><div class=\"wp-block-group__inner-container\">\n<h2 class=\"wp-block-heading has-text-align-left\"><\/h2>\n\n\n\n<div class=\"wp-block-columns alignwide is-layout-flex wp-container-core-columns-is-layout-28f84493 wp-block-columns-is-layout-flex\">\n<div class=\"wp-block-column is-layout-flow wp-block-column-is-layout-flow\">\n<figure class=\"wp-block-image size-full is-resized\"><img fetchpriority=\"high\" decoding=\"async\" src=\"http:\/\/eisiskiuarsportomokykla.lt\/wp-content\/uploads\/2022\/04\/unnamed.png\" alt=\"\" class=\"wp-image-600\" width=\"345\" height=\"308\" srcset=\"https:\/\/eisiskiuarsportomokykla.lt\/wp-content\/uploads\/2022\/04\/unnamed.png 860w, https:\/\/eisiskiuarsportomokykla.lt\/wp-content\/uploads\/2022\/04\/unnamed-300x269.png 300w\" sizes=\"(max-width: 345px) 100vw, 345px\" \/><\/figure>\n\n\n\n<h4 class=\"wp-block-heading\">Rankinis<\/h4>\n\n\n\n<p>1-m\u0173 met\u0173 meistri\u0161kumo ugdymo grup\u0117         Nr.61 (tren. V. Novicki)<\/p>\n\n\n\n<p>2-r\u0173 met\u0173 meistri\u0161kumo ugdymo grup\u0117           Nr.64 (tren. V. Novicki)<\/p>\n\n\n\n<p>1-m\u0173 met\u0173 pradinio rengimo grup\u0117                                    Nr.65 (tren. V. Novicki)<\/p>\n\n\n\n<p>4-t\u0173 met\u0173 meistri\u0161kumo ugdymo grup\u0117            Nr.72 (tren. A. Balk\u0117)<\/p>\n\n\n\n<p>3-\u010di\u0173 met\u0173 meistri\u0161kumo ugdymo grup\u0117                  Nr.75 (tren. V. Jesvilas)<\/p>\n\n\n\n<p>2-tr\u0173 met\u0173 pradinio rengimo grup\u0117                       Nr.83  (tren. A. Balk\u0117)<\/p>\n\n\n\n<p>5-t\u0173 met\u0173 meistri\u0161kumo ugdymo grup\u0117              Nr.84 (tren. V. Jesvilas)<\/p>\n\n\n\n<p>1-m\u0173 met\u0173 meistri\u0161kumo ugdymo grup\u0117                    Nr.90 (tren. V. Jesvilas)<\/p>\n<\/div>\n\n\n\n<div class=\"wp-block-column is-layout-flow wp-block-column-is-layout-flow\">\n<figure class=\"wp-block-image size-full is-resized\"><img decoding=\"async\" src=\"http:\/\/eisiskiuarsportomokykla.lt\/wp-content\/uploads\/2022\/04\/unnamed-2.png\" alt=\"\" class=\"wp-image-606\" width=\"336\" height=\"280\"\/><\/figure>\n\n\n\n<h4 class=\"wp-block-heading\">Stalo tenisas<\/h4>\n\n\n\n<p> 5-t\u0173 met\u0173 meistri\u0161kumo ugdymo grup\u0117 Nr.63 (tren. J. Kozlovski)<\/p>\n\n\n\n<p>1-m\u0173 met\u0173 meistri\u0161kumo ugdymo grup\u0117 Nr.66 (tren. S. Grinevi\u010d)<\/p>\n\n\n\n<p>1-m\u0173 met\u0173 pradinio rengimo grup\u0117 Nr.68 (tren. S. Grinevi\u010d)<\/p>\n\n\n\n<p>4-t\u0173 met\u0173 meistri\u0161kumo ugdymo grup\u0117 Nr.71 (tren. V. Frizel)<\/p>\n\n\n\n<p>2-r\u0173 met\u0173 pradinio rengimo grup\u0117 Nr.82 (tren. J. Kozlovski)<\/p>\n\n\n\n<p>2-r\u0173 met\u0173 meistri\u0161kumo ugdymo grup\u0117 Nr.88 (tren. V. Frizel)<\/p>\n<\/div>\n\n\n\n<div class=\"wp-block-column is-layout-flow wp-block-column-is-layout-flow\">\n<figure class=\"wp-block-image size-full is-resized\"><img decoding=\"async\" src=\"http:\/\/eisiskiuarsportomokykla.lt\/wp-content\/uploads\/2022\/04\/unnamed-1.png\" alt=\"\" class=\"wp-image-603\" width=\"308\" height=\"308\" srcset=\"https:\/\/eisiskiuarsportomokykla.lt\/wp-content\/uploads\/2022\/04\/unnamed-1.png 400w, https:\/\/eisiskiuarsportomokykla.lt\/wp-content\/uploads\/2022\/04\/unnamed-1-300x300.png 300w, https:\/\/eisiskiuarsportomokykla.lt\/wp-content\/uploads\/2022\/04\/unnamed-1-150x150.png 150w\" sizes=\"(max-width: 308px) 100vw, 308px\" \/><\/figure>\n\n\n\n<h4 class=\"wp-block-heading\">Tinklinis<\/h4>\n\n\n\n<p> 2-r\u0173 met\u0173 meistri\u0161kumo ugdymo grup\u0117 Nr.81 (tren. L. Firinovi\u010d)<\/p>\n\n\n\n<p>1-m\u0173 met\u0173 pradinio rengimo grup\u0117 Nr. 1T (tren. L. Firinovi\u010d)<\/p>\n\n\n\n<p>3-\u010di\u0173 met\u0173 meistri\u0161kumo ugdymo grup\u0117 Nr.86 (tren. A. Venckevi\u010d)<\/p>\n\n\n\n<p>1-m\u0173 met\u0173 pradinio rengimo grup\u0117 Nr.91 (tren. A. Venckevi\u010d)<\/p>\n<\/div>\n<\/div>\n\n\n\n<div class=\"wp-block-columns alignwide is-layout-flex wp-container-core-columns-is-layout-28f84493 wp-block-columns-is-layout-flex\">\n<div class=\"wp-block-column is-layout-flow wp-block-column-is-layout-flow\">\n<figure class=\"wp-block-image size-full is-resized\"><img loading=\"lazy\" decoding=\"async\" src=\"http:\/\/eisiskiuarsportomokykla.lt\/wp-content\/uploads\/2022\/04\/unnamed-3.png\" alt=\"\" class=\"wp-image-612\" width=\"296\" height=\"260\" srcset=\"https:\/\/eisiskiuarsportomokykla.lt\/wp-content\/uploads\/2022\/04\/unnamed-3.png 800w, https:\/\/eisiskiuarsportomokykla.lt\/wp-content\/uploads\/2022\/04\/unnamed-3-300x264.png 300w, https:\/\/eisiskiuarsportomokykla.lt\/wp-content\/uploads\/2022\/04\/unnamed-3-768x675.png 768w\" sizes=\"(max-width: 296px) 100vw, 296px\" \/><\/figure>\n\n\n\n<h4 class=\"wp-block-heading\">Graik\u0173-rom\u0117n\u0173 imtyn\u0117s<\/h4>\n\n\n\n<p>2-r\u0173 met\u0173 meistri\u0161kumo ugdymo grup\u0117 Nr.85 (tren. E. Narodovskis)<\/p>\n<\/div>\n<\/div>\n\n\n\n<div style=\"height:40px\" aria-hidden=\"true\" class=\"wp-block-spacer\"><\/div>\n<\/div><\/div>\n\n\n\n<div class=\"wp-block-cover alignfull\" style=\"min-height:200px;aspect-ratio:unset;\"><span aria-hidden=\"true\" class=\"wp-block-cover__background has-ast-global-color-0-background-color has-background-dim-100 has-background-dim\"><\/span><div class=\"wp-block-cover__inner-container is-layout-flow wp-block-cover-is-layout-flow\">\n<div class=\"wp-block-media-text is-stacked-on-mobile is-vertically-aligned-center\"><figure class=\"wp-block-media-text__media\"><img loading=\"lazy\" decoding=\"async\" width=\"1024\" height=\"768\" src=\"https:\/\/eisiskiuarsportomokykla.lt\/wp-content\/uploads\/2023\/03\/darzelis-5-1024x768.jpg\" alt=\"\" class=\"wp-image-764 size-full\" srcset=\"https:\/\/eisiskiuarsportomokykla.lt\/wp-content\/uploads\/2023\/03\/darzelis-5-1024x768.jpg 1024w, https:\/\/eisiskiuarsportomokykla.lt\/wp-content\/uploads\/2023\/03\/darzelis-5-300x225.jpg 300w, https:\/\/eisiskiuarsportomokykla.lt\/wp-content\/uploads\/2023\/03\/darzelis-5-768x576.jpg 768w, https:\/\/eisiskiuarsportomokykla.lt\/wp-content\/uploads\/2023\/03\/darzelis-5-1536x1152.jpg 1536w, https:\/\/eisiskiuarsportomokykla.lt\/wp-content\/uploads\/2023\/03\/darzelis-5.jpg 2048w\" sizes=\"(max-width: 1024px) 100vw, 1024px\" \/><\/figure><div class=\"wp-block-media-text__content\">\n<div class=\"inherit-container-width wp-block-group is-layout-constrained wp-block-group-is-layout-constrained\"><div class=\"wp-block-group__inner-container\">\n<h2 class=\"wp-block-heading has-text-align-center has-white-color has-text-color\">Kyla klausim\u0173? Skambinkite dabar!<\/h2>\n\n\n\n<div class=\"wp-block-buttons is-horizontal is-content-justification-center is-layout-flex wp-container-core-buttons-is-layout-03627597 wp-block-buttons-is-layout-flex\">\n<div class=\"wp-block-button\"><a class=\"wp-block-button__link has-ast-global-color-0-color has-text-color has-background wp-element-button\" href=\"#\" style=\"background-color:#ffffff\">(8-380) 56498<\/a><\/div>\n<\/div>\n<\/div><\/div>\n<\/div><\/div>\n<\/div><\/div>\n","protected":false},"excerpt":{"rendered":"<p>Rankinis 1-m\u0173 met\u0173 meistri\u0161kumo ugdymo grup\u0117 Nr.61 (tren. V. Novicki) 2-r\u0173 met\u0173 meistri\u0161kumo ugdymo grup\u0117 Nr.64 (tren. V. Novicki) 1-m\u0173 met\u0173 pradinio rengimo grup\u0117 Nr.65 (tren. V. Novicki) 4-t\u0173 met\u0173 meistri\u0161kumo ugdymo grup\u0117 Nr.72 (tren. A. Balk\u0117) 3-\u010di\u0173 met\u0173 meistri\u0161kumo ugdymo grup\u0117 Nr.75 (tren. V. Jesvilas) 2-tr\u0173 met\u0173 pradinio rengimo grup\u0117 Nr.83 (tren. A. Balk\u0117) &hellip;<\/p>\n<p class=\"read-more\"> <a class=\"\" href=\"https:\/\/eisiskiuarsportomokykla.lt\/index.php\/veiklos\/\"> <span class=\"screen-reader-text\">Sporto \u0161akos<\/span> Skaityti daugiau &raquo;<\/a><\/p>\n","protected":false},"author":1,"featured_media":0,"parent":0,"menu_order":0,"comment_status":"closed","ping_status":"closed","template":"","meta":{"site-sidebar-layout":"no-sidebar","site-content-layout":"plain-container","ast-global-header-display":"","ast-main-header-display":"","ast-hfb-above-header-display":"","ast-hfb-below-header-display":"","ast-hfb-mobile-header-display":"","site-post-title":"disabled","ast-breadcrumbs-content":"","ast-featured-img":"","footer-sml-layout":"","theme-transparent-header-meta":"enabled","adv-header-id-meta":"","stick-header-meta":"","header-above-stick-meta":"","header-main-stick-meta":"","header-below-stick-meta":"","footnotes":""},"class_list":["post-12","page","type-page","status-publish","hentry"],"_links":{"self":[{"href":"https:\/\/eisiskiuarsportomokykla.lt\/index.php\/wp-json\/wp\/v2\/pages\/12","targetHints":{"allow":["GET"]}}],"collection":[{"href":"https:\/\/eisiskiuarsportomokykla.lt\/index.php\/wp-json\/wp\/v2\/pages"}],"about":[{"href":"https:\/\/eisiskiuarsportomokykla.lt\/index.php\/wp-json\/wp\/v2\/types\/page"}],"author":[{"embeddable":true,"href":"https:\/\/eisiskiuarsportomokykla.lt\/index.php\/wp-json\/wp\/v2\/users\/1"}],"replies":[{"embeddable":true,"href":"https:\/\/eisiskiuarsportomokykla.lt\/index.php\/wp-json\/wp\/v2\/comments?post=12"}],"version-history":[{"count":20,"href":"https:\/\/eisiskiuarsportomokykla.lt\/index.php\/wp-json\/wp\/v2\/pages\/12\/revisions"}],"predecessor-version":[{"id":868,"href":"https:\/\/eisiskiuarsportomokykla.lt\/index.php\/wp-json\/wp\/v2\/pages\/12\/revisions\/868"}],"wp:attachment":[{"href":"https:\/\/eisiskiuarsportomokykla.lt\/index.php\/wp-json\/wp\/v2\/media?parent=12"}],"curies":[{"name":"wp","href":"https:\/\/api.w.org\/{rel}","templated":true}]}}