{"id":13,"date":"2021-05-13T05:31:27","date_gmt":"2021-05-13T05:31:27","guid":{"rendered":"http:\/\/eisiskiuarsportomokykla.lt\/index.php\/contact\/"},"modified":"2023-03-03T15:15:35","modified_gmt":"2023-03-03T13:15:35","slug":"kontaktai","status":"publish","type":"page","link":"https:\/\/eisiskiuarsportomokykla.lt\/index.php\/kontaktai\/","title":{"rendered":"Kontaktai"},"content":{"rendered":"\n<div class=\"wp-block-cover alignfull\" style=\"min-height:500px;aspect-ratio:unset;\"><span aria-hidden=\"true\" class=\"wp-block-cover__background has-ast-global-color-0-background-color has-background-dim-100 has-background-dim\"><\/span><div class=\"wp-block-cover__inner-container is-layout-flow wp-block-cover-is-layout-flow\">\n<h1 class=\"has-white-color has-text-color wp-block-heading\" id=\"kontaktai\">Kontaktai<\/h1>\n<\/div><\/div>\n\n\n\n<div class=\"inherit-container-width wp-block-group alignfull has-ast-global-color-5-background-color has-background is-layout-constrained wp-block-group-is-layout-constrained\"><div class=\"wp-block-group__inner-container\">\n<div class=\"wp-block-columns are-vertically-aligned-top is-layout-flex wp-container-core-columns-is-layout-28f84493 wp-block-columns-is-layout-flex\">\n<div class=\"wp-block-column is-vertically-aligned-top is-layout-flow wp-block-column-is-layout-flow\">\n<div class=\"inherit-container-width wp-block-group is-layout-constrained wp-block-group-is-layout-constrained\"><div class=\"wp-block-group__inner-container\">\n<h3 class=\"wp-block-heading\" id=\"lorem-ipsum\">M\u016bs\u0173 rekvizitai:<\/h3>\n\n\n\n<p><strong>\u012emon\u0117s kodas:<\/strong> 191417570 <br><strong>Registracijos adresas:<\/strong> Vilniaus g. 84, Ei\u0161i\u0161k\u0117s LT 17169 \u0160al\u010dinink\u0173 r.<br><strong>tel.\/fax<\/strong>: 8380 56 498 <br><strong>mobilus tel.<\/strong>: +370 620 84401 <br><strong>el. pa\u0161tas:<\/strong> sportomokykla.eisiskes@gmail.com <\/p>\n\n\n\n<h3 class=\"wp-block-heading\">Darbo laikas:<\/h3>\n\n\n\n<p>Pirmadienis:\u00a0 \u00a0 \u00a008:00 \u2013 17:00<br>Antradienis:\u00a0 \u00a0 \u00a008:00 \u2013 17:00<br>Tre\u010diadienis:\u00a0 \u00a0 \u00a008:00 \u2013 17:00<br>Ketvirtadienis:\u00a0\u00a008:00 \u2013 17:00<br>Penktadienis:\u00a0 \u00a008:00 \u2013 16:00<\/p>\n\n\n\n<p><em>Piet\u0173 pertrauka:\u00a0 12:00 \u2013 12:45<\/em><\/p>\n<\/div><\/div>\n<\/div>\n\n\n\n<div class=\"wp-block-column is-vertically-aligned-top has-ast-global-color-4-background-color has-background is-layout-flow wp-block-column-is-layout-flow\">\n<div class=\"inherit-container-width wp-block-group is-layout-constrained wp-block-group-is-layout-constrained\"><div class=\"wp-block-group__inner-container\">\n<h3 class=\"wp-block-heading\" id=\"pateik-klausima\">Pateik klausim\u0105<\/h3>\n\n\n<div class=\"wpforms-container \" id=\"wpforms-4\"><form id=\"wpforms-form-4\" class=\"wpforms-validate wpforms-form\" data-formid=\"4\" method=\"post\" enctype=\"multipart\/form-data\" action=\"\/index.php\/wp-json\/wp\/v2\/pages\/13\" data-token=\"d2a1356e5fb0c5bc21c43453c1265a5d\"><noscript class=\"wpforms-error-noscript\">Please enable JavaScript in your browser to complete this form.<\/noscript><div class=\"wpforms-field-container\"><div id=\"wpforms-4-field_0-container\" class=\"wpforms-field wpforms-field-name\" data-field-id=\"0\"><label class=\"wpforms-field-label wpforms-label-hide\" for=\"wpforms-4-field_0\">Vardas ir pavard\u0117 <span class=\"wpforms-required-label\">*<\/span><\/label><div class=\"wpforms-field-row wpforms-field-large\"><div class=\"wpforms-field-row-block wpforms-first wpforms-one-half\"><input type=\"text\" id=\"wpforms-4-field_0\" class=\"wpforms-field-name-first wpforms-field-required\" name=\"wpforms[fields][0][first]\" placeholder=\"Vardas\" required><label for=\"wpforms-4-field_0\" class=\"wpforms-field-sublabel after wpforms-sublabel-hide\">First<\/label><\/div><div class=\"wpforms-field-row-block wpforms-one-half\"><input type=\"text\" id=\"wpforms-4-field_0-last\" class=\"wpforms-field-name-last wpforms-field-required\" name=\"wpforms[fields][0][last]\" placeholder=\"Pavard\u0117\" required><label for=\"wpforms-4-field_0-last\" class=\"wpforms-field-sublabel after wpforms-sublabel-hide\">Last<\/label><\/div><\/div><\/div><div id=\"wpforms-4-field_1-container\" class=\"wpforms-field wpforms-field-email\" data-field-id=\"1\"><label class=\"wpforms-field-label wpforms-label-hide\" for=\"wpforms-4-field_1\">El. pa\u0161tas <span class=\"wpforms-required-label\">*<\/span><\/label><input type=\"email\" id=\"wpforms-4-field_1\" class=\"wpforms-field-large wpforms-field-required\" name=\"wpforms[fields][1]\" placeholder=\"El. pa\u0161tas\" required><\/div><div id=\"wpforms-4-field_2-container\" class=\"wpforms-field wpforms-field-textarea\" data-field-id=\"2\"><label class=\"wpforms-field-label wpforms-label-hide\" for=\"wpforms-4-field_2\">Prane\u0161imas <span class=\"wpforms-required-label\">*<\/span><\/label><textarea id=\"wpforms-4-field_2\" class=\"wpforms-field-medium wpforms-field-required\" name=\"wpforms[fields][2]\" placeholder=\"Prane\u0161imas\" required><\/textarea><\/div><\/div><div class=\"wpforms-submit-container\"><input type=\"hidden\" name=\"wpforms[id]\" value=\"4\"><input type=\"hidden\" name=\"wpforms[author]\" value=\"1\"><button type=\"submit\" name=\"wpforms[submit]\" id=\"wpforms-submit-4\" class=\"wpforms-submit\" data-alt-text=\"Siun\u010diama...\" data-submit-text=\"Si\u0173sti prane\u0161im\u0105\" aria-live=\"assertive\" value=\"wpforms-submit\">Si\u0173sti prane\u0161im\u0105<\/button><\/div><\/form><\/div>  <!-- .wpforms-container -->\n\n\n<p><\/p>\n<\/div><\/div>\n<\/div>\n<\/div>\n\n\n\n<h3 class=\"wp-block-heading\">Administracija<\/h3>\n\n\n\n<div class=\"wp-block-columns is-layout-flex wp-container-core-columns-is-layout-28f84493 wp-block-columns-is-layout-flex\">\n<div class=\"wp-block-column is-layout-flow wp-block-column-is-layout-flow\">\n<figure class=\"wp-block-table\"><table><tbody><tr><td><strong>Pareigos<\/strong><\/td><td><strong>Vardas Pavard\u0117<\/strong><\/td><td><strong>Mob. Telefono<\/strong><\/td><td><strong>El. pa\u0161tas<\/strong><\/td><\/tr><tr><td>Direktorius<\/td><td>Romas Urvikis<\/td><td>+370 620 84401<\/td><td>romas.urvikis@eisiskiuarsportomokykla.lt<\/td><\/tr><tr><td>Direktoriaus pavaduotoja ugdymui<\/td><td>Lilija Firinovi\u010d<\/td><td>+370 614 11327<\/td><td>lilija.firinovic@eisiskiuarsportomokykla.lt<\/td><\/tr><tr><td>Ra\u0161tin\u0117s administrator\u0117<\/td><td>Beata Janulina<\/td><td>+370 670 48115<\/td><td>beata.janulina@eisiskiuarsportomokykla.lt<\/td><\/tr><\/tbody><\/table><\/figure>\n<\/div>\n<\/div>\n<\/div><\/div>\n\n\n\n<div class=\"wp-block-cover alignfull\" style=\"min-height:200px;aspect-ratio:unset;\"><span aria-hidden=\"true\" class=\"wp-block-cover__background has-ast-global-color-0-background-color has-background-dim-100 has-background-dim\"><\/span><div class=\"wp-block-cover__inner-container is-layout-flow wp-block-cover-is-layout-flow\">\n<div class=\"wp-block-media-text is-stacked-on-mobile is-vertically-aligned-center\"><figure class=\"wp-block-media-text__media\"><img fetchpriority=\"high\" decoding=\"async\" width=\"1024\" height=\"768\" src=\"https:\/\/eisiskiuarsportomokykla.lt\/wp-content\/uploads\/2023\/03\/darzelis-2-1024x768.jpg\" alt=\"\" class=\"wp-image-755 size-full\" srcset=\"https:\/\/eisiskiuarsportomokykla.lt\/wp-content\/uploads\/2023\/03\/darzelis-2-1024x768.jpg 1024w, https:\/\/eisiskiuarsportomokykla.lt\/wp-content\/uploads\/2023\/03\/darzelis-2-300x225.jpg 300w, https:\/\/eisiskiuarsportomokykla.lt\/wp-content\/uploads\/2023\/03\/darzelis-2-768x576.jpg 768w, https:\/\/eisiskiuarsportomokykla.lt\/wp-content\/uploads\/2023\/03\/darzelis-2-1536x1152.jpg 1536w, https:\/\/eisiskiuarsportomokykla.lt\/wp-content\/uploads\/2023\/03\/darzelis-2.jpg 2048w\" sizes=\"(max-width: 1024px) 100vw, 1024px\" \/><\/figure><div class=\"wp-block-media-text__content\">\n<div class=\"inherit-container-width wp-block-group is-layout-constrained wp-block-group-is-layout-constrained\"><div class=\"wp-block-group__inner-container\">\n<h2 class=\"has-text-align-center has-white-color has-text-color wp-block-heading\" id=\"lorem-ipsum\">Susisiekite su mumis:<\/h2>\n\n\n\n<div class=\"wp-block-buttons is-horizontal is-content-justification-center is-layout-flex wp-container-core-buttons-is-layout-03627597 wp-block-buttons-is-layout-flex\">\n<div class=\"wp-block-button\"><a class=\"wp-block-button__link has-ast-global-color-0-color has-text-color has-background wp-element-button\" href=\"#\" style=\"background-color:#ffffff\">(8-380) 56498<\/a><\/div>\n<\/div>\n<\/div><\/div>\n<\/div><\/div>\n<\/div><\/div>\n\n\n\n<div class=\"wp-block-group is-layout-flex wp-block-group-is-layout-flex\"><\/div>\n","protected":false},"excerpt":{"rendered":"<p>M\u016bs\u0173 rekvizitai: \u012emon\u0117s kodas: 191417570 Registracijos adresas: Vilniaus g. 84, Ei\u0161i\u0161k\u0117s LT 17169 \u0160al\u010dinink\u0173 r.tel.\/fax: 8380 56 498 mobilus tel.: +370 620 84401 el. pa\u0161tas: sportomokykla.eisiskes@gmail.com Darbo laikas: Pirmadienis:\u00a0 \u00a0 \u00a008:00 \u2013 17:00Antradienis:\u00a0 \u00a0 \u00a008:00 \u2013 17:00Tre\u010diadienis:\u00a0 \u00a0 \u00a008:00 \u2013 17:00Ketvirtadienis:\u00a0\u00a008:00 \u2013 17:00Penktadienis:\u00a0 \u00a008:00 \u2013 16:00 Piet\u0173 pertrauka:\u00a0 12:00 \u2013 12:45 Pateik klausim\u0105 Administracija Pareigos &hellip;<\/p>\n<p class=\"read-more\"> <a class=\"\" href=\"https:\/\/eisiskiuarsportomokykla.lt\/index.php\/kontaktai\/\"> <span class=\"screen-reader-text\">Kontaktai<\/span> Skaityti daugiau &raquo;<\/a><\/p>\n","protected":false},"author":1,"featured_media":0,"parent":0,"menu_order":0,"comment_status":"closed","ping_status":"closed","template":"","meta":{"site-sidebar-layout":"no-sidebar","site-content-layout":"plain-container","ast-global-header-display":"","ast-main-header-display":"","ast-hfb-above-header-display":"","ast-hfb-below-header-display":"","ast-hfb-mobile-header-display":"","site-post-title":"disabled","ast-breadcrumbs-content":"","ast-featured-img":"","footer-sml-layout":"","theme-transparent-header-meta":"enabled","adv-header-id-meta":"","stick-header-meta":"","header-above-stick-meta":"","header-main-stick-meta":"","header-below-stick-meta":"","footnotes":""},"class_list":["post-13","page","type-page","status-publish","hentry"],"_links":{"self":[{"href":"https:\/\/eisiskiuarsportomokykla.lt\/index.php\/wp-json\/wp\/v2\/pages\/13","targetHints":{"allow":["GET"]}}],"collection":[{"href":"https:\/\/eisiskiuarsportomokykla.lt\/index.php\/wp-json\/wp\/v2\/pages"}],"about":[{"href":"https:\/\/eisiskiuarsportomokykla.lt\/index.php\/wp-json\/wp\/v2\/types\/page"}],"author":[{"embeddable":true,"href":"https:\/\/eisiskiuarsportomokykla.lt\/index.php\/wp-json\/wp\/v2\/users\/1"}],"replies":[{"embeddable":true,"href":"https:\/\/eisiskiuarsportomokykla.lt\/index.php\/wp-json\/wp\/v2\/comments?post=13"}],"version-history":[{"count":23,"href":"https:\/\/eisiskiuarsportomokykla.lt\/index.php\/wp-json\/wp\/v2\/pages\/13\/revisions"}],"predecessor-version":[{"id":863,"href":"https:\/\/eisiskiuarsportomokykla.lt\/index.php\/wp-json\/wp\/v2\/pages\/13\/revisions\/863"}],"wp:attachment":[{"href":"https:\/\/eisiskiuarsportomokykla.lt\/index.php\/wp-json\/wp\/v2\/media?parent=13"}],"curies":[{"name":"wp","href":"https:\/\/api.w.org\/{rel}","templated":true}]}}