{"id":478,"date":"2022-02-28T19:44:18","date_gmt":"2022-02-28T19:44:18","guid":{"rendered":"https:\/\/eisiskiuarsportomokykla.lt\/?page_id=478"},"modified":"2024-01-30T08:23:56","modified_gmt":"2024-01-30T06:23:56","slug":"treneriai","status":"publish","type":"page","link":"https:\/\/eisiskiuarsportomokykla.lt\/index.php\/treneriai\/","title":{"rendered":"Treneriai"},"content":{"rendered":"\n<div class=\"wp-block-cover alignfull\" style=\"min-height:500px;aspect-ratio:unset;\"><span aria-hidden=\"true\" class=\"wp-block-cover__background has-ast-global-color-0-background-color has-background-dim-100 has-background-dim\"><\/span><div class=\"wp-block-cover__inner-container is-layout-flow wp-block-cover-is-layout-flow\">\n<h1 class=\"wp-block-heading has-white-color has-text-color\" id=\"kontaktai\">Treneriai<\/h1>\n\n\n\n<p><\/p>\n<\/div><\/div>\n\n\n\n<div class=\"inherit-container-width wp-block-group alignfull has-ast-global-color-5-background-color has-background is-layout-constrained wp-block-group-is-layout-constrained\"><div class=\"wp-block-group__inner-container\">\n<div class=\"wp-block-columns are-vertically-aligned-center is-layout-flex wp-container-core-columns-is-layout-28f84493 wp-block-columns-is-layout-flex\">\n<div class=\"wp-block-column is-layout-flow wp-block-column-is-layout-flow\">\n<h2 class=\"wp-block-heading\">Rankinis<\/h2>\n\n\n\n<figure class=\"wp-block-table\"><table><tbody><tr><td><strong>Vardas, Pavard\u0117<\/strong><\/td><td><strong>Darbo vieta, adresas<\/strong><\/td><td><strong>&nbsp;Tel. numeris<\/strong><\/td><td><strong>El. pa\u0161tas<\/strong><\/td><\/tr><tr><td>Viktoras&nbsp; Jesvilas<\/td><td>Vilniaus g. 84, 17169,&nbsp; Ei\u0161i\u0161k\u0117s<\/td><td>+37067194203<\/td><td>viktoras.jesvilas@eisiskiuarsportomokykla.lt<\/td><\/tr><tr><td>Valdemar Novicki<\/td><td>Vilniaus g. 84, 17169,&nbsp; Ei\u0161i\u0161k\u0117s<\/td><td>+37061755999<\/td><td>valdemar.novicki@eisiskiuarsportomokykla.lt<\/td><\/tr><tr><td>Alvydas&nbsp; Balk\u0117<\/td><td>Mokyklos g. 22, 17115, \u0160al\u010dininkai<\/td><td>+37061515923<\/td><td>alvydas.balke@eisiskiuarsportomokykla.lt<\/td><\/tr><tr><td>Alan  Bogdiun<\/td><td>Mokyklos g. 22, 17115, \u0160al\u010dininkai<\/td><td>+37066147777<\/td><td>alan.bogdiun@eisiskiuarsportomokykla.lt<\/td><\/tr><\/tbody><\/table><\/figure>\n\n\n\n<div style=\"height:40px\" aria-hidden=\"true\" class=\"wp-block-spacer\"><\/div>\n\n\n\n<h2 class=\"wp-block-heading\">Stalo tenisas<\/h2>\n\n\n\n<figure class=\"wp-block-table\"><table><tbody><tr><td><strong>Vardas, Pavard\u0117<\/strong><\/td><td><strong>Darbo vieta, adresas<\/strong><\/td><td><strong>&nbsp;Tel. numeris<\/strong><\/td><td><strong>El. pa\u0161tas<\/strong><\/td><\/tr><tr><td>Viktoras&nbsp; Frizelis<\/td><td>Melioratori\u0173 g. 3, 17126,&nbsp; \u0160al\u010dininkai<\/td><td>+37060917646<\/td><td>viktoras.frizelis@eisiskiuarsportomokykla.lt<\/td><\/tr><tr><td>Juzef&nbsp; Kozlovski<\/td><td>Melioratori\u0173 g. 3, 17126,&nbsp; \u0160al\u010dininkai<\/td><td>+37067079377<\/td><td>juzef.kozlovskij@eisiskiuarsportomokykla.lt<\/td><\/tr><tr><td>Svetlana Grinevi\u010d<\/td><td>Vilniaus g. 81a, 17169,&nbsp; Ei\u0161i\u0161k\u0117s<\/td><td>+37067849968<\/td><td>svetlana.grinevic@eisiskiuarsportomokykla.lt<\/td><\/tr><\/tbody><\/table><\/figure>\n\n\n\n<div style=\"height:40px\" aria-hidden=\"true\" class=\"wp-block-spacer\"><\/div>\n\n\n\n<h2 class=\"wp-block-heading\">Tinklinis<\/h2>\n\n\n\n<figure class=\"wp-block-table\"><table><tbody><tr><td><strong>Vardas, Pavard\u0117<\/strong><\/td><td><strong>Darbo vieta, adresas<\/strong><\/td><td><strong>&nbsp;Tel. numeris<\/strong><\/td><td><strong>El. pa\u0161tas<\/strong><\/td><\/tr><tr><td>Andrej&nbsp; Venckevi\u010d<\/td><td>Melioratori\u0173 g. 3, 17126,&nbsp; \u0160al\u010dininkai<\/td><td>+37068682990<\/td><td>andzej.venckevic@eisiskiuarsportomokykla.lt<\/td><\/tr><tr><td>Lilija&nbsp; Firinovi\u010d<\/td><td>Vytauto g. 35, 17126,&nbsp; \u0160al\u010dininkai<\/td><td>+37061411327<\/td><td>lilija.firinovic@eisiskiuarsportomokykla.lt<\/td><\/tr><\/tbody><\/table><\/figure>\n\n\n\n<div style=\"height:40px\" aria-hidden=\"true\" class=\"wp-block-spacer\"><\/div>\n\n\n\n<h2 class=\"wp-block-heading\"><strong>Graik\u0173-rom\u0117n\u0173 imtyn\u0117s<\/strong><\/h2>\n\n\n\n<figure class=\"wp-block-table\"><table><tbody><tr><td><strong>Vardas, Pavard\u0117<\/strong><\/td><td><strong>Darbo vieta, adresas<\/strong><\/td><td><strong>&nbsp;Tel. numeris<\/strong><\/td><td><strong>El. pa\u0161tas<\/strong><\/td><\/tr><tr><td>Edmundas Narodovskis<\/td><td>Vilniaus g. 8, 17235, Baltoji Vok\u0117<\/td><td>+37061332023<\/td><td>edmundas.narodovskis@eisiskiuarsportomokykla.lt<\/td><\/tr><\/tbody><\/table><\/figure>\n<\/div>\n<\/div>\n<\/div><\/div>\n\n\n\n<div class=\"wp-block-cover alignfull\" style=\"min-height:200px;aspect-ratio:unset;\"><span aria-hidden=\"true\" class=\"wp-block-cover__background has-ast-global-color-0-background-color has-background-dim-100 has-background-dim\"><\/span><div class=\"wp-block-cover__inner-container is-layout-flow wp-block-cover-is-layout-flow\">\n<div class=\"wp-block-media-text is-stacked-on-mobile is-vertically-aligned-center\"><figure class=\"wp-block-media-text__media\"><img fetchpriority=\"high\" decoding=\"async\" width=\"1024\" height=\"768\" src=\"https:\/\/eisiskiuarsportomokykla.lt\/wp-content\/uploads\/2023\/03\/darzelis-10-1024x768.jpg\" alt=\"\" class=\"wp-image-787 size-full\" srcset=\"https:\/\/eisiskiuarsportomokykla.lt\/wp-content\/uploads\/2023\/03\/darzelis-10-1024x768.jpg 1024w, https:\/\/eisiskiuarsportomokykla.lt\/wp-content\/uploads\/2023\/03\/darzelis-10-300x225.jpg 300w, https:\/\/eisiskiuarsportomokykla.lt\/wp-content\/uploads\/2023\/03\/darzelis-10-768x576.jpg 768w, https:\/\/eisiskiuarsportomokykla.lt\/wp-content\/uploads\/2023\/03\/darzelis-10-1536x1152.jpg 1536w, https:\/\/eisiskiuarsportomokykla.lt\/wp-content\/uploads\/2023\/03\/darzelis-10.jpg 2048w\" sizes=\"(max-width: 1024px) 100vw, 1024px\" \/><\/figure><div class=\"wp-block-media-text__content\">\n<div class=\"inherit-container-width wp-block-group is-layout-constrained wp-block-group-is-layout-constrained\"><div class=\"wp-block-group__inner-container\">\n<h2 class=\"wp-block-heading has-text-align-center has-white-color has-text-color\" id=\"lorem-ipsum\">Nerandate reikiamos informacijos?<\/h2>\n\n\n\n<div class=\"wp-block-buttons is-horizontal is-content-justification-center is-layout-flex wp-container-core-buttons-is-layout-03627597 wp-block-buttons-is-layout-flex\">\n<div class=\"wp-block-button\"><a class=\"wp-block-button__link has-ast-global-color-0-color has-text-color has-background wp-element-button\" style=\"background-color:#ffffff\">(8-380) 56498<\/a><\/div>\n<\/div>\n<\/div><\/div>\n<\/div><\/div>\n<\/div><\/div>\n","protected":false},"excerpt":{"rendered":"<p>Rankinis Vardas, Pavard\u0117 Darbo vieta, adresas &nbsp;Tel. numeris El. pa\u0161tas Viktoras&nbsp; Jesvilas Vilniaus g. 84, 17169,&nbsp; Ei\u0161i\u0161k\u0117s +37067194203 viktoras.jesvilas@eisiskiuarsportomokykla.lt Valdemar Novicki Vilniaus g. 84, 17169,&nbsp; Ei\u0161i\u0161k\u0117s +37061755999 valdemar.novicki@eisiskiuarsportomokykla.lt Alvydas&nbsp; Balk\u0117 Mokyklos g. 22, 17115, \u0160al\u010dininkai +37061515923 alvydas.balke@eisiskiuarsportomokykla.lt Alan Bogdiun Mokyklos g. 22, 17115, \u0160al\u010dininkai +37066147777 alan.bogdiun@eisiskiuarsportomokykla.lt Stalo tenisas Vardas, Pavard\u0117 Darbo vieta, adresas &nbsp;Tel. numeris &hellip;<\/p>\n<p class=\"read-more\"> <a class=\"\" href=\"https:\/\/eisiskiuarsportomokykla.lt\/index.php\/treneriai\/\"> <span class=\"screen-reader-text\">Treneriai<\/span> Skaityti daugiau &raquo;<\/a><\/p>\n","protected":false},"author":1,"featured_media":0,"parent":0,"menu_order":0,"comment_status":"closed","ping_status":"closed","template":"","meta":{"site-sidebar-layout":"no-sidebar","site-content-layout":"plain-container","ast-global-header-display":"","ast-main-header-display":"","ast-hfb-above-header-display":"","ast-hfb-below-header-display":"","ast-hfb-mobile-header-display":"","site-post-title":"disabled","ast-breadcrumbs-content":"","ast-featured-img":"","footer-sml-layout":"","theme-transparent-header-meta":"enabled","adv-header-id-meta":"","stick-header-meta":"","header-above-stick-meta":"","header-main-stick-meta":"","header-below-stick-meta":"","footnotes":""},"class_list":["post-478","page","type-page","status-publish","hentry"],"_links":{"self":[{"href":"https:\/\/eisiskiuarsportomokykla.lt\/index.php\/wp-json\/wp\/v2\/pages\/478","targetHints":{"allow":["GET"]}}],"collection":[{"href":"https:\/\/eisiskiuarsportomokykla.lt\/index.php\/wp-json\/wp\/v2\/pages"}],"about":[{"href":"https:\/\/eisiskiuarsportomokykla.lt\/index.php\/wp-json\/wp\/v2\/types\/page"}],"author":[{"embeddable":true,"href":"https:\/\/eisiskiuarsportomokykla.lt\/index.php\/wp-json\/wp\/v2\/users\/1"}],"replies":[{"embeddable":true,"href":"https:\/\/eisiskiuarsportomokykla.lt\/index.php\/wp-json\/wp\/v2\/comments?post=478"}],"version-history":[{"count":14,"href":"https:\/\/eisiskiuarsportomokykla.lt\/index.php\/wp-json\/wp\/v2\/pages\/478\/revisions"}],"predecessor-version":[{"id":1170,"href":"https:\/\/eisiskiuarsportomokykla.lt\/index.php\/wp-json\/wp\/v2\/pages\/478\/revisions\/1170"}],"wp:attachment":[{"href":"https:\/\/eisiskiuarsportomokykla.lt\/index.php\/wp-json\/wp\/v2\/media?parent=478"}],"curies":[{"name":"wp","href":"https:\/\/api.w.org\/{rel}","templated":true}]}}