{"id":503,"date":"2022-03-11T13:40:49","date_gmt":"2022-03-11T11:40:49","guid":{"rendered":"https:\/\/eisiskiuarsportomokykla.lt\/?page_id=503"},"modified":"2026-03-27T10:17:21","modified_gmt":"2026-03-27T08:17:21","slug":"veikla","status":"publish","type":"page","link":"https:\/\/eisiskiuarsportomokykla.lt\/index.php\/veikla\/","title":{"rendered":"Veikla"},"content":{"rendered":"\n<div class=\"wp-block-cover alignfull\" style=\"min-height:500px;aspect-ratio:unset;\"><span aria-hidden=\"true\" class=\"wp-block-cover__background has-ast-global-color-0-background-color has-background-dim-100 has-background-dim\"><\/span><div class=\"wp-block-cover__inner-container is-layout-flow wp-block-cover-is-layout-flow\">\n<h1 class=\"wp-block-heading has-white-color has-text-color\">Veikla<\/h1>\n<\/div><\/div>\n\n\n\n<div class=\"inherit-container-width wp-block-group alignfull has-ast-global-color-5-background-color has-background is-layout-constrained wp-block-group-is-layout-constrained\"><div class=\"wp-block-group__inner-container\">\n<h2 class=\"wp-block-heading has-text-align-left\">Ei\u0161i\u0161ki\u0173 A. Ratkevi\u010diaus sporto mokyklos nuostatai<\/h2>\n\n\n\n<div class=\"wp-block-file\"><a id=\"wp-block-file--media-944b5f59-4ab6-49ed-bb11-199fa8a6b6ed\" href=\"https:\/\/eisiskiuarsportomokykla.lt\/wp-content\/uploads\/2024\/07\/EARSM-nuostatai-20240612.pdf\">EARSM nuostatai 20240612<\/a><a href=\"https:\/\/eisiskiuarsportomokykla.lt\/wp-content\/uploads\/2024\/07\/EARSM-nuostatai-20240612.pdf\" class=\"wp-block-file__button wp-element-button\" download aria-describedby=\"wp-block-file--media-944b5f59-4ab6-49ed-bb11-199fa8a6b6ed\">Parsisi\u0173sti<\/a><\/div>\n\n\n\n<h2 class=\"wp-block-heading\">Ei\u0161i\u0161ki\u0173 A. Ratkevi\u010diaus sporto mokyklos veiklos programos<\/h2>\n\n\n\n<div class=\"wp-block-file\"><a id=\"wp-block-file--media-6a3f7e80-3a38-424a-b70f-ee6082d77be8\" href=\"https:\/\/eisiskiuarsportomokykla.lt\/wp-content\/uploads\/2026\/01\/SM_VEIKLOS_PROGRAMA_2026_metams.pdf\">SM_VEIKLOS_PROGRAMA_2026_metams<\/a><a href=\"https:\/\/eisiskiuarsportomokykla.lt\/wp-content\/uploads\/2026\/01\/SM_VEIKLOS_PROGRAMA_2026_metams.pdf\" class=\"wp-block-file__button wp-element-button\" download aria-describedby=\"wp-block-file--media-6a3f7e80-3a38-424a-b70f-ee6082d77be8\">Parsisi\u0173sti<\/a><\/div>\n\n\n\n<h2 class=\"wp-block-heading\">Ei\u0161i\u0161ki\u0173 A. Ratkevi\u010diaus sporto mokyklos strateginiai planai<\/h2>\n\n\n\n<div class=\"wp-block-file\"><a id=\"wp-block-file--media-ce32dbe0-e5a3-4ec1-8cdb-637b2cb5de66\" href=\"https:\/\/eisiskiuarsportomokykla.lt\/wp-content\/uploads\/2023\/03\/EARSM-strateginis-planas-2022-2024-m..pdf\">EARSM-strateginis-planas-2022-2024-m.<\/a><a href=\"https:\/\/eisiskiuarsportomokykla.lt\/wp-content\/uploads\/2023\/03\/EARSM-strateginis-planas-2022-2024-m..pdf\" class=\"wp-block-file__button wp-element-button\" download aria-describedby=\"wp-block-file--media-ce32dbe0-e5a3-4ec1-8cdb-637b2cb5de66\">Parsisi\u0173sti<\/a><\/div>\n\n\n\n<div class=\"wp-block-file\"><a id=\"wp-block-file--media-e6a17fa8-f22e-4da2-8f8f-519483045c85\" href=\"https:\/\/eisiskiuarsportomokykla.lt\/wp-content\/uploads\/2025\/05\/EARSM-strateginis-planas-2025-2027-m.pdf\">EARSM strateginis planas 2025-2027 m.<\/a><a href=\"https:\/\/eisiskiuarsportomokykla.lt\/wp-content\/uploads\/2025\/05\/EARSM-strateginis-planas-2025-2027-m.pdf\" class=\"wp-block-file__button wp-element-button\" download aria-describedby=\"wp-block-file--media-e6a17fa8-f22e-4da2-8f8f-519483045c85\">Parsisi\u0173sti<\/a><\/div>\n\n\n\n<h2 class=\"wp-block-heading\">Ei\u0161i\u0161ki\u0173 A. Ratkevi\u010diaus sporto mokyklos ugdymo planai<\/h2>\n\n\n\n<div class=\"wp-block-file\"><a id=\"wp-block-file--media-dba13d76-d905-4060-9b1b-b2a9fb93dedf\" href=\"https:\/\/eisiskiuarsportomokykla.lt\/wp-content\/uploads\/2023\/03\/sporto-mokyklos-ugdymo-planas-2022-2023-m.m.-1.docx\">sporto-mokyklos-ugdymo-planas-2022-2023-m.m.-1<\/a><a href=\"https:\/\/eisiskiuarsportomokykla.lt\/wp-content\/uploads\/2023\/03\/sporto-mokyklos-ugdymo-planas-2022-2023-m.m.-1.docx\" class=\"wp-block-file__button wp-element-button\" download aria-describedby=\"wp-block-file--media-dba13d76-d905-4060-9b1b-b2a9fb93dedf\">Parsisi\u0173sti<\/a><\/div>\n\n\n\n<div class=\"wp-block-file\"><a id=\"wp-block-file--media-1f15ecd3-01c3-472d-bac3-8762002d862c\" href=\"https:\/\/eisiskiuarsportomokykla.lt\/wp-content\/uploads\/2024\/01\/sporto-mokyklos-ugdymo-planas-2023-2024-m.m.docx\">sporto-mokyklos-ugdymo-planas-2023-2024-m.m<\/a><a href=\"https:\/\/eisiskiuarsportomokykla.lt\/wp-content\/uploads\/2024\/01\/sporto-mokyklos-ugdymo-planas-2023-2024-m.m.docx\" class=\"wp-block-file__button wp-element-button\" download aria-describedby=\"wp-block-file--media-1f15ecd3-01c3-472d-bac3-8762002d862c\">Parsisi\u0173sti<\/a><\/div>\n\n\n\n<div class=\"wp-block-file\"><a id=\"wp-block-file--media-165a37c9-e0a3-42cc-9e8d-b8a160411739\" href=\"https:\/\/eisiskiuarsportomokykla.lt\/wp-content\/uploads\/2024\/10\/sporto-mokyklos-ugdymo-planas-2024-2025-.pdf\">sporto-mokyklos-ugdymo-planas-2024-2025-<\/a><a href=\"https:\/\/eisiskiuarsportomokykla.lt\/wp-content\/uploads\/2024\/10\/sporto-mokyklos-ugdymo-planas-2024-2025-.pdf\" class=\"wp-block-file__button wp-element-button\" download aria-describedby=\"wp-block-file--media-165a37c9-e0a3-42cc-9e8d-b8a160411739\">Parsisi\u0173sti<\/a><\/div>\n\n\n\n<div class=\"wp-block-file\"><a id=\"wp-block-file--media-e86ea44c-2bd3-473f-9db3-6012ed5f56ff\" href=\"https:\/\/eisiskiuarsportomokykla.lt\/wp-content\/uploads\/2026\/01\/EARSM-ugdymo-planas-2025-2026.pdf\">EARSM ugdymo planas 2025-2026<\/a><a href=\"https:\/\/eisiskiuarsportomokykla.lt\/wp-content\/uploads\/2026\/01\/EARSM-ugdymo-planas-2025-2026.pdf\" class=\"wp-block-file__button wp-element-button\" download aria-describedby=\"wp-block-file--media-e86ea44c-2bd3-473f-9db3-6012ed5f56ff\">Parsisi\u0173sti<\/a><\/div>\n\n\n\n<h2 class=\"wp-block-heading\">Ei\u0161i\u0161ki\u0173 A. Ratkevi\u010diaus sporto mokyklos finansin\u0117s ataskaitos<\/h2>\n\n\n\n<div class=\"wp-block-file\"><a id=\"wp-block-file--media-e6bd1380-54fc-4fe7-a413-248605bd60cc\" href=\"https:\/\/eisiskiuarsportomokykla.lt\/wp-content\/uploads\/2023\/06\/2021-m.-metine-ataskaita.pdf\">2021-m.-metine-ataskaita<\/a><a href=\"https:\/\/eisiskiuarsportomokykla.lt\/wp-content\/uploads\/2023\/06\/2021-m.-metine-ataskaita.pdf\" class=\"wp-block-file__button wp-element-button\" download aria-describedby=\"wp-block-file--media-e6bd1380-54fc-4fe7-a413-248605bd60cc\">Parsisi\u0173sti<\/a><\/div>\n\n\n\n<div class=\"wp-block-file\"><a id=\"wp-block-file--media-948c8f32-b34f-477a-a54d-c98801a6d6e9\" href=\"https:\/\/eisiskiuarsportomokykla.lt\/wp-content\/uploads\/2023\/06\/2022-m.-I-ketvircio-finansine-ataskaita.pdf\">2022-m.-I-ketvircio-finansine-ataskaita<\/a><a href=\"https:\/\/eisiskiuarsportomokykla.lt\/wp-content\/uploads\/2023\/06\/2022-m.-I-ketvircio-finansine-ataskaita.pdf\" class=\"wp-block-file__button wp-element-button\" download aria-describedby=\"wp-block-file--media-948c8f32-b34f-477a-a54d-c98801a6d6e9\">Parsisi\u0173sti<\/a><\/div>\n\n\n\n<div class=\"wp-block-file\"><a id=\"wp-block-file--media-02526a04-fb63-411a-b314-22dd43dff231\" href=\"https:\/\/eisiskiuarsportomokykla.lt\/wp-content\/uploads\/2023\/06\/2022-m.-II-ketv.-finansine-ataskaita.pdf\">2022-m.-II-ketv.-finansine-ataskaita<\/a><a href=\"https:\/\/eisiskiuarsportomokykla.lt\/wp-content\/uploads\/2023\/06\/2022-m.-II-ketv.-finansine-ataskaita.pdf\" class=\"wp-block-file__button wp-element-button\" download aria-describedby=\"wp-block-file--media-02526a04-fb63-411a-b314-22dd43dff231\">Parsisi\u0173sti<\/a><\/div>\n\n\n\n<div class=\"wp-block-file\"><a id=\"wp-block-file--media-83028efe-8061-4802-8083-2baf3c638a98\" href=\"https:\/\/eisiskiuarsportomokykla.lt\/wp-content\/uploads\/2023\/06\/2022-m.-III-ketv.-finansine-ataskaita.pdf\">2022-m.-III-ketv.-finansine-ataskaita<\/a><a href=\"https:\/\/eisiskiuarsportomokykla.lt\/wp-content\/uploads\/2023\/06\/2022-m.-III-ketv.-finansine-ataskaita.pdf\" class=\"wp-block-file__button wp-element-button\" download aria-describedby=\"wp-block-file--media-83028efe-8061-4802-8083-2baf3c638a98\">Parsisi\u0173sti<\/a><\/div>\n\n\n\n<div class=\"wp-block-file\"><a id=\"wp-block-file--media-f96984ef-4565-4ddd-af42-3cbfc47a1489\" href=\"https:\/\/eisiskiuarsportomokykla.lt\/wp-content\/uploads\/2023\/06\/2022-m.-bendra-ataskaita.pdf\">2022-m.-bendra-ataskaita<\/a><a href=\"https:\/\/eisiskiuarsportomokykla.lt\/wp-content\/uploads\/2023\/06\/2022-m.-bendra-ataskaita.pdf\" class=\"wp-block-file__button wp-element-button\" download aria-describedby=\"wp-block-file--media-f96984ef-4565-4ddd-af42-3cbfc47a1489\">Parsisi\u0173sti<\/a><\/div>\n\n\n\n<div class=\"wp-block-file\"><a id=\"wp-block-file--media-439c07ba-db3e-4804-ac62-2db37a4859f1\" href=\"https:\/\/eisiskiuarsportomokykla.lt\/wp-content\/uploads\/2023\/06\/2023-m.-I-ketv.-finansine-ataskaita.pdf\">2023-m.-I-ketv.-finansine-ataskaita<\/a><a href=\"https:\/\/eisiskiuarsportomokykla.lt\/wp-content\/uploads\/2023\/06\/2023-m.-I-ketv.-finansine-ataskaita.pdf\" class=\"wp-block-file__button wp-element-button\" download aria-describedby=\"wp-block-file--media-439c07ba-db3e-4804-ac62-2db37a4859f1\">Parsisi\u0173sti<\/a><\/div>\n\n\n\n<div class=\"wp-block-file\"><a id=\"wp-block-file--media-6af74000-d5a0-4ef9-b0cf-2541f19ba0d0\" href=\"https:\/\/eisiskiuarsportomokykla.lt\/wp-content\/uploads\/2023\/02\/2022AISK_RASTAS_SPORTO_MOK.pdf\">2022AISK_RASTAS_SPORTO_MOK<\/a><a href=\"https:\/\/eisiskiuarsportomokykla.lt\/wp-content\/uploads\/2023\/02\/2022AISK_RASTAS_SPORTO_MOK.pdf\" class=\"wp-block-file__button wp-element-button\" download aria-describedby=\"wp-block-file--media-6af74000-d5a0-4ef9-b0cf-2541f19ba0d0\">Parsisi\u0173sti<\/a><\/div>\n\n\n\n<div class=\"wp-block-file\"><a id=\"wp-block-file--media-dced7700-e8b1-459c-bef0-ba9aa97f678f\" href=\"https:\/\/eisiskiuarsportomokykla.lt\/wp-content\/uploads\/2024\/01\/EARSM-samatos-vykdymo-ataskaita-2023-metams.pdf\">EARSM-samatos-vykdymo-ataskaita-2023-metams<\/a><a href=\"https:\/\/eisiskiuarsportomokykla.lt\/wp-content\/uploads\/2024\/01\/EARSM-samatos-vykdymo-ataskaita-2023-metams.pdf\" class=\"wp-block-file__button wp-element-button\" download aria-describedby=\"wp-block-file--media-dced7700-e8b1-459c-bef0-ba9aa97f678f\">Parsisi\u0173sti<\/a><\/div>\n\n\n\n<div class=\"wp-block-file\"><a id=\"wp-block-file--media-880146f5-7c87-4380-afdc-460391950a1a\" href=\"https:\/\/eisiskiuarsportomokykla.lt\/wp-content\/uploads\/2024\/10\/2024-m.-1-ketvircio-EARSM-finansine-ataskaita.pdf\">2024 m. 1 ketvir\u010dio EARSM finansin\u0117 ataskaita<\/a><a href=\"https:\/\/eisiskiuarsportomokykla.lt\/wp-content\/uploads\/2024\/10\/2024-m.-1-ketvircio-EARSM-finansine-ataskaita.pdf\" class=\"wp-block-file__button wp-element-button\" download aria-describedby=\"wp-block-file--media-880146f5-7c87-4380-afdc-460391950a1a\">Parsisi\u0173sti<\/a><\/div>\n\n\n\n<div class=\"wp-block-file\"><a id=\"wp-block-file--media-38d7cee2-5295-4211-baed-4fd737ae2860\" href=\"https:\/\/eisiskiuarsportomokykla.lt\/wp-content\/uploads\/2024\/10\/2024-m.-2-ketvircio-EARSM-finansine-ataskaita.pdf\">2024 m. 2 ketvir\u010dio EARSM finansin\u0117 ataskaita<\/a><a href=\"https:\/\/eisiskiuarsportomokykla.lt\/wp-content\/uploads\/2024\/10\/2024-m.-2-ketvircio-EARSM-finansine-ataskaita.pdf\" class=\"wp-block-file__button wp-element-button\" download aria-describedby=\"wp-block-file--media-38d7cee2-5295-4211-baed-4fd737ae2860\">Parsisi\u0173sti<\/a><\/div>\n\n\n\n<div class=\"wp-block-file\"><a id=\"wp-block-file--media-8b70c401-4d14-446c-aac2-80e9de6a9525\" href=\"https:\/\/eisiskiuarsportomokykla.lt\/wp-content\/uploads\/2024\/10\/2024-m.-3-ketvircio-EARSM-finansine-ataskaita.pdf\">2024 m. 3 ketvir\u010dio EARSM finansin\u0117 ataskaita<\/a><a href=\"https:\/\/eisiskiuarsportomokykla.lt\/wp-content\/uploads\/2024\/10\/2024-m.-3-ketvircio-EARSM-finansine-ataskaita.pdf\" class=\"wp-block-file__button wp-element-button\" download aria-describedby=\"wp-block-file--media-8b70c401-4d14-446c-aac2-80e9de6a9525\">Parsisi\u0173sti<\/a><\/div>\n\n\n\n<div class=\"wp-block-file\"><a id=\"wp-block-file--media-5b8ac023-1db0-4409-869f-c91920dfae1b\" href=\"https:\/\/eisiskiuarsportomokykla.lt\/wp-content\/uploads\/2025\/01\/Ratkeviciaus_2024_m._IV_ket_biudzeto_vykdymo_ataskaita.xlsx\">2024_m. EARSM 4 ket_biudzeto_vykdymo_ataskaita<\/a><a href=\"https:\/\/eisiskiuarsportomokykla.lt\/wp-content\/uploads\/2025\/01\/Ratkeviciaus_2024_m._IV_ket_biudzeto_vykdymo_ataskaita.xlsx\" class=\"wp-block-file__button wp-element-button\" download aria-describedby=\"wp-block-file--media-5b8ac023-1db0-4409-869f-c91920dfae1b\">Parsisi\u0173sti<\/a><\/div>\n\n\n\n<div class=\"wp-block-file\"><a id=\"wp-block-file--media-96605cc1-f8a6-4a37-aa71-7128767c2299\" href=\"https:\/\/eisiskiuarsportomokykla.lt\/wp-content\/uploads\/2025\/05\/Finansines-bukles-ataskaita-2024-12-31.pdf\">Finansin\u0117s b\u016bkl\u0117s ataskaita 2024-12-31<\/a><a href=\"https:\/\/eisiskiuarsportomokykla.lt\/wp-content\/uploads\/2025\/05\/Finansines-bukles-ataskaita-2024-12-31.pdf\" class=\"wp-block-file__button wp-element-button\" download aria-describedby=\"wp-block-file--media-96605cc1-f8a6-4a37-aa71-7128767c2299\">Parsisi\u0173sti<\/a><\/div>\n\n\n\n<div class=\"wp-block-file\"><a id=\"wp-block-file--media-ef041038-3088-4fe2-a185-114a08010984\" href=\"https:\/\/eisiskiuarsportomokykla.lt\/wp-content\/uploads\/2025\/05\/Finansiniu-ataskaitu-2024-12-31-aiskinamasis-rastas.pdf\">Finansini\u0173 ataskait\u0173 2024-12-31 ai\u0161kinamasis ra\u0161tas<\/a><a href=\"https:\/\/eisiskiuarsportomokykla.lt\/wp-content\/uploads\/2025\/05\/Finansiniu-ataskaitu-2024-12-31-aiskinamasis-rastas.pdf\" class=\"wp-block-file__button wp-element-button\" download aria-describedby=\"wp-block-file--media-ef041038-3088-4fe2-a185-114a08010984\">Parsisi\u0173sti<\/a><\/div>\n\n\n\n<div class=\"wp-block-file\"><a id=\"wp-block-file--media-ea6c47dd-7d71-4a83-90f9-a5412d722669\" href=\"https:\/\/eisiskiuarsportomokykla.lt\/wp-content\/uploads\/2026\/01\/I-ketvirtis.-Biudzeto-islaidu-samatos-ataskaita-2025.pdf\">I ketvirtis. Biud\u017eeto i\u0161laid\u0173 s\u0105matos ataskaita 2025<\/a><a href=\"https:\/\/eisiskiuarsportomokykla.lt\/wp-content\/uploads\/2026\/01\/I-ketvirtis.-Biudzeto-islaidu-samatos-ataskaita-2025.pdf\" class=\"wp-block-file__button wp-element-button\" download aria-describedby=\"wp-block-file--media-ea6c47dd-7d71-4a83-90f9-a5412d722669\">Parsisi\u0173sti<\/a><\/div>\n\n\n\n<div class=\"wp-block-file\"><a id=\"wp-block-file--media-bdd99a7b-615d-4e28-8721-f55c17f2f521\" href=\"https:\/\/eisiskiuarsportomokykla.lt\/wp-content\/uploads\/2026\/01\/II-ketvirtis.-Biudzeto-islaidu-samatos-ataskaita-2025.pdf\">II ketvirtis. Biud\u017eeto i\u0161laid\u0173 s\u0105matos ataskaita 2025<\/a><a href=\"https:\/\/eisiskiuarsportomokykla.lt\/wp-content\/uploads\/2026\/01\/II-ketvirtis.-Biudzeto-islaidu-samatos-ataskaita-2025.pdf\" class=\"wp-block-file__button wp-element-button\" download aria-describedby=\"wp-block-file--media-bdd99a7b-615d-4e28-8721-f55c17f2f521\">Parsisi\u0173sti<\/a><\/div>\n\n\n\n<div class=\"wp-block-file\"><a id=\"wp-block-file--media-40f408d0-1ce7-4aaa-971a-e37aef178209\" href=\"https:\/\/eisiskiuarsportomokykla.lt\/wp-content\/uploads\/2026\/01\/III-ketvirtis.-Biudzeto-islaidu-samatos-ataskaita-2025.pdf\">III ketvirtis. Biud\u017eeto i\u0161laid\u0173 s\u0105matos ataskaita 2025<\/a><a href=\"https:\/\/eisiskiuarsportomokykla.lt\/wp-content\/uploads\/2026\/01\/III-ketvirtis.-Biudzeto-islaidu-samatos-ataskaita-2025.pdf\" class=\"wp-block-file__button wp-element-button\" download aria-describedby=\"wp-block-file--media-40f408d0-1ce7-4aaa-971a-e37aef178209\">Parsisi\u0173sti<\/a><\/div>\n\n\n\n<div class=\"wp-block-file\"><a id=\"wp-block-file--media-98787598-d6a9-46bc-b2aa-1138f800159f\" href=\"https:\/\/eisiskiuarsportomokykla.lt\/wp-content\/uploads\/2026\/01\/IV-ketvirtis.-Biudzeto-islaidu-samatos-ataskaita-2025.pdf\">IV ketvirtis. Biud\u017eeto i\u0161laid\u0173 s\u0105matos ataskaita 2025<\/a><a href=\"https:\/\/eisiskiuarsportomokykla.lt\/wp-content\/uploads\/2026\/01\/IV-ketvirtis.-Biudzeto-islaidu-samatos-ataskaita-2025.pdf\" class=\"wp-block-file__button wp-element-button\" download aria-describedby=\"wp-block-file--media-98787598-d6a9-46bc-b2aa-1138f800159f\">Parsisi\u0173sti<\/a><\/div>\n\n\n\n<div class=\"wp-block-file\"><a id=\"wp-block-file--media-1d6738ee-bdce-4bb9-9e0f-8385adfeb0c9\" href=\"https:\/\/eisiskiuarsportomokykla.lt\/wp-content\/uploads\/2026\/03\/2025-m.-Finansines-bukles-ataskaitaveiklos-rezultatu-ataskaitaaiskinamasis-rastas.pdf\">2025 m. Finansin\u0117s b\u016bkl\u0117s ataskaita+veiklos rezultat\u0173 ataskaita+ai\u0161kinamasis ra\u0161tas<\/a><a href=\"https:\/\/eisiskiuarsportomokykla.lt\/wp-content\/uploads\/2026\/03\/2025-m.-Finansines-bukles-ataskaitaveiklos-rezultatu-ataskaitaaiskinamasis-rastas.pdf\" class=\"wp-block-file__button wp-element-button\" download aria-describedby=\"wp-block-file--media-1d6738ee-bdce-4bb9-9e0f-8385adfeb0c9\">Parsisi\u0173sti<\/a><\/div>\n\n\n\n<h2 class=\"wp-block-heading\">Ei\u0161i\u0161ki\u0173 A. Ratkevi\u010diaus sporto mokyklos direktoriaus ataskaitos<\/h2>\n\n\n\n<div class=\"wp-block-file\"><a id=\"wp-block-file--media-4dfac06c-f9b6-414a-909a-0827a78e8463\" href=\"https:\/\/eisiskiuarsportomokykla.lt\/wp-content\/uploads\/2024\/01\/EARSM-direktoriaus-veiklos-ataskaita-2021-metams.pdf\">EARSM-direktoriaus-veiklos-ataskaita u\u017e 2021-metus<\/a><a href=\"https:\/\/eisiskiuarsportomokykla.lt\/wp-content\/uploads\/2024\/01\/EARSM-direktoriaus-veiklos-ataskaita-2021-metams.pdf\" class=\"wp-block-file__button wp-element-button\" download aria-describedby=\"wp-block-file--media-4dfac06c-f9b6-414a-909a-0827a78e8463\">Parsisi\u0173sti<\/a><\/div>\n<\/div><\/div>\n\n\n\n<div class=\"wp-block-file\"><a id=\"wp-block-file--media-dac9fc82-2ce3-4602-b89d-f9babdef2af3\" href=\"https:\/\/eisiskiuarsportomokykla.lt\/wp-content\/uploads\/2024\/01\/EARSM-direktoriaus-ataskaita-2022-metams.pdf\">EARSM-direktoriaus-ataskaita u\u017e 2022-metus<\/a><a href=\"https:\/\/eisiskiuarsportomokykla.lt\/wp-content\/uploads\/2024\/01\/EARSM-direktoriaus-ataskaita-2022-metams.pdf\" class=\"wp-block-file__button wp-element-button\" download aria-describedby=\"wp-block-file--media-dac9fc82-2ce3-4602-b89d-f9babdef2af3\">Parsisi\u0173sti<\/a><\/div>\n\n\n\n<div class=\"wp-block-file\"><a id=\"wp-block-file--media-69489592-91f1-44fe-8620-36020da6b512\" href=\"https:\/\/eisiskiuarsportomokykla.lt\/wp-content\/uploads\/2024\/01\/EARSM-direktoriaus-ataskaita-2023-metams-2.pdf\">EARSM-direktoriaus-ataskaita u\u017e 2023 metus<\/a><a href=\"https:\/\/eisiskiuarsportomokykla.lt\/wp-content\/uploads\/2024\/01\/EARSM-direktoriaus-ataskaita-2023-metams-2.pdf\" class=\"wp-block-file__button wp-element-button\" download aria-describedby=\"wp-block-file--media-69489592-91f1-44fe-8620-36020da6b512\">Parsisi\u0173sti<\/a><\/div>\n\n\n\n<div class=\"wp-block-file\"><a id=\"wp-block-file--media-5280c578-3ae6-4973-8933-5444a8e8e965\" href=\"https:\/\/eisiskiuarsportomokykla.lt\/wp-content\/uploads\/2025\/05\/EARSM-direktoriaus-ataskaita-uz-2024-m.pdf\">EARSM-direktoriaus-ataskaita u\u017e 2024 m.<\/a><a href=\"https:\/\/eisiskiuarsportomokykla.lt\/wp-content\/uploads\/2025\/05\/EARSM-direktoriaus-ataskaita-uz-2024-m.pdf\" class=\"wp-block-file__button wp-element-button\" download aria-describedby=\"wp-block-file--media-5280c578-3ae6-4973-8933-5444a8e8e965\">Parsisi\u0173sti<\/a><\/div>\n\n\n\n<div class=\"wp-block-file\"><a id=\"wp-block-file--media-ebfef70b-4ab0-4e19-bfe1-c7ddb57a5550\" href=\"https:\/\/eisiskiuarsportomokykla.lt\/wp-content\/uploads\/2026\/01\/EARSM-direktoriaus-ataskaita-uz-2025-m.pdf\">EARSM-direktoriaus ataskaita u\u017e 2025 m.<\/a><a href=\"https:\/\/eisiskiuarsportomokykla.lt\/wp-content\/uploads\/2026\/01\/EARSM-direktoriaus-ataskaita-uz-2025-m.pdf\" class=\"wp-block-file__button wp-element-button\" download aria-describedby=\"wp-block-file--media-ebfef70b-4ab0-4e19-bfe1-c7ddb57a5550\">Parsisi\u0173sti<\/a><\/div>\n\n\n\n<div class=\"wp-block-cover alignfull\" style=\"min-height:200px;aspect-ratio:unset;\"><span aria-hidden=\"true\" class=\"wp-block-cover__background has-ast-global-color-0-background-color has-background-dim-100 has-background-dim\"><\/span><div class=\"wp-block-cover__inner-container is-layout-flow wp-block-cover-is-layout-flow\">\n<div class=\"wp-block-media-text is-stacked-on-mobile is-vertically-aligned-center\"><figure class=\"wp-block-media-text__media\"><img fetchpriority=\"high\" decoding=\"async\" width=\"1024\" height=\"768\" src=\"https:\/\/eisiskiuarsportomokykla.lt\/wp-content\/uploads\/2023\/03\/darzelis-11-1024x768.jpg\" alt=\"\" class=\"wp-image-790 size-full\" srcset=\"https:\/\/eisiskiuarsportomokykla.lt\/wp-content\/uploads\/2023\/03\/darzelis-11-1024x768.jpg 1024w, https:\/\/eisiskiuarsportomokykla.lt\/wp-content\/uploads\/2023\/03\/darzelis-11-300x225.jpg 300w, https:\/\/eisiskiuarsportomokykla.lt\/wp-content\/uploads\/2023\/03\/darzelis-11-768x576.jpg 768w, https:\/\/eisiskiuarsportomokykla.lt\/wp-content\/uploads\/2023\/03\/darzelis-11-1536x1152.jpg 1536w, https:\/\/eisiskiuarsportomokykla.lt\/wp-content\/uploads\/2023\/03\/darzelis-11.jpg 2048w\" sizes=\"(max-width: 1024px) 100vw, 1024px\" \/><\/figure><div class=\"wp-block-media-text__content\">\n<div class=\"inherit-container-width wp-block-group is-layout-constrained wp-block-group-is-layout-constrained\"><div class=\"wp-block-group__inner-container\">\n<h2 class=\"wp-block-heading has-text-align-center has-white-color has-text-color\">Kyla klausim\u0173? Skambinkite dabar!<\/h2>\n\n\n\n<div class=\"wp-block-buttons is-horizontal is-content-justification-center is-layout-flex wp-container-core-buttons-is-layout-03627597 wp-block-buttons-is-layout-flex\">\n<div class=\"wp-block-button\"><a class=\"wp-block-button__link has-ast-global-color-0-color has-text-color has-background wp-element-button\" href=\"#\" style=\"background-color:#ffffff\">(8-380) 56498<\/a><\/div>\n<\/div>\n<\/div><\/div>\n<\/div><\/div>\n<\/div><\/div>\n\n\n\n<p><\/p>\n","protected":false},"excerpt":{"rendered":"<p>Ei\u0161i\u0161ki\u0173 A. Ratkevi\u010diaus sporto mokyklos nuostatai Ei\u0161i\u0161ki\u0173 A. Ratkevi\u010diaus sporto mokyklos veiklos programos Ei\u0161i\u0161ki\u0173 A. Ratkevi\u010diaus sporto mokyklos strateginiai planai Ei\u0161i\u0161ki\u0173 A. Ratkevi\u010diaus sporto mokyklos ugdymo planai Ei\u0161i\u0161ki\u0173 A. Ratkevi\u010diaus sporto mokyklos finansin\u0117s ataskaitos Ei\u0161i\u0161ki\u0173 A. Ratkevi\u010diaus sporto mokyklos direktoriaus ataskaitos<\/p>\n","protected":false},"author":1,"featured_media":0,"parent":0,"menu_order":0,"comment_status":"closed","ping_status":"closed","template":"","meta":{"site-sidebar-layout":"no-sidebar","site-content-layout":"plain-container","ast-global-header-display":"","ast-main-header-display":"","ast-hfb-above-header-display":"","ast-hfb-below-header-display":"","ast-hfb-mobile-header-display":"","site-post-title":"disabled","ast-breadcrumbs-content":"","ast-featured-img":"","footer-sml-layout":"","theme-transparent-header-meta":"enabled","adv-header-id-meta":"","stick-header-meta":"","header-above-stick-meta":"","header-main-stick-meta":"","header-below-stick-meta":"","footnotes":""},"class_list":["post-503","page","type-page","status-publish","hentry"],"_links":{"self":[{"href":"https:\/\/eisiskiuarsportomokykla.lt\/index.php\/wp-json\/wp\/v2\/pages\/503","targetHints":{"allow":["GET"]}}],"collection":[{"href":"https:\/\/eisiskiuarsportomokykla.lt\/index.php\/wp-json\/wp\/v2\/pages"}],"about":[{"href":"https:\/\/eisiskiuarsportomokykla.lt\/index.php\/wp-json\/wp\/v2\/types\/page"}],"author":[{"embeddable":true,"href":"https:\/\/eisiskiuarsportomokykla.lt\/index.php\/wp-json\/wp\/v2\/users\/1"}],"replies":[{"embeddable":true,"href":"https:\/\/eisiskiuarsportomokykla.lt\/index.php\/wp-json\/wp\/v2\/comments?post=503"}],"version-history":[{"count":56,"href":"https:\/\/eisiskiuarsportomokykla.lt\/index.php\/wp-json\/wp\/v2\/pages\/503\/revisions"}],"predecessor-version":[{"id":1675,"href":"https:\/\/eisiskiuarsportomokykla.lt\/index.php\/wp-json\/wp\/v2\/pages\/503\/revisions\/1675"}],"wp:attachment":[{"href":"https:\/\/eisiskiuarsportomokykla.lt\/index.php\/wp-json\/wp\/v2\/media?parent=503"}],"curies":[{"name":"wp","href":"https:\/\/api.w.org\/{rel}","templated":true}]}}