{"id":576,"date":"2022-03-11T15:52:07","date_gmt":"2022-03-11T13:52:07","guid":{"rendered":"https:\/\/eisiskiuarsportomokykla.lt\/?page_id=576"},"modified":"2023-03-02T10:53:39","modified_gmt":"2023-03-02T08:53:39","slug":"registracijos-forma","status":"publish","type":"page","link":"https:\/\/eisiskiuarsportomokykla.lt\/index.php\/registracijos-forma\/","title":{"rendered":"Registracijos forma"},"content":{"rendered":"\n<div class=\"wp-block-cover alignfull\" style=\"min-height:500px;aspect-ratio:unset;\"><span aria-hidden=\"true\" class=\"wp-block-cover__background has-ast-global-color-0-background-color has-background-dim-100 has-background-dim\"><\/span><div class=\"wp-block-cover__inner-container is-layout-flow wp-block-cover-is-layout-flow\">\n<h1 class=\"has-white-color has-text-color wp-block-heading\" id=\"kontaktai\">Registracijos forma<\/h1>\n<\/div><\/div>\n\n\n\n<div class=\"inherit-container-width wp-block-group alignfull has-ast-global-color-5-background-color has-background is-layout-constrained wp-block-group-is-layout-constrained\"><div class=\"wp-block-group__inner-container\">\n<h3 class=\"wp-block-heading\">Registracijos \u012f sporto mokykl\u0105 forma<\/h3>\n\n\n\n<div class=\"wp-block-columns is-layout-flex wp-container-core-columns-is-layout-28f84493 wp-block-columns-is-layout-flex\">\n<div class=\"wp-block-column is-layout-flow wp-block-column-is-layout-flow\"><div class=\"wpforms-container \" id=\"wpforms-341\"><form id=\"wpforms-form-341\" class=\"wpforms-validate wpforms-form\" data-formid=\"341\" method=\"post\" enctype=\"multipart\/form-data\" action=\"\/index.php\/wp-json\/wp\/v2\/pages\/576\" data-token=\"5666f8e87486789ad926ff1b8470f16c\"><noscript class=\"wpforms-error-noscript\">Please enable JavaScript in your browser to complete this form.<\/noscript><div class=\"wpforms-field-container\"><div id=\"wpforms-341-field_0-container\" class=\"wpforms-field wpforms-field-text\" data-field-id=\"0\"><label class=\"wpforms-field-label\" for=\"wpforms-341-field_0\">Vardas Pavard\u0117 <span class=\"wpforms-required-label\">*<\/span><\/label><input type=\"text\" id=\"wpforms-341-field_0\" class=\"wpforms-field-medium wpforms-field-required\" name=\"wpforms[fields][0]\" required><\/div><div id=\"wpforms-341-field_8-container\" class=\"wpforms-field wpforms-field-date-time\" data-field-id=\"8\"><label class=\"wpforms-field-label\" for=\"wpforms-341-field_8\">Gimimo data <span class=\"wpforms-required-label\">*<\/span><\/label><div class=\"wpforms-datepicker-wrap\"><input type=\"text\" id=\"wpforms-341-field_8\" class=\"wpforms-field-date-time-date wpforms-datepicker wpforms-field-required wpforms-field-medium\" data-date-format=\"d\/m\/Y\" data-disable-past-dates=\"0\" data-input=\"true\" name=\"wpforms[fields][8][date]\" required><a title=\"Clear Date\" data-clear class=\"wpforms-datepicker-clear\" style=\"display:none;\"><\/a><\/div><\/div><div id=\"wpforms-341-field_3-container\" class=\"wpforms-field wpforms-field-text\" data-field-id=\"3\"><label class=\"wpforms-field-label\" for=\"wpforms-341-field_3\">Gyvenamosios vietos adresas <span class=\"wpforms-required-label\">*<\/span><\/label><input type=\"text\" id=\"wpforms-341-field_3\" class=\"wpforms-field-medium wpforms-field-required\" name=\"wpforms[fields][3]\" required><\/div><div id=\"wpforms-341-field_4-container\" class=\"wpforms-field wpforms-field-text\" data-field-id=\"4\"><label class=\"wpforms-field-label\" for=\"wpforms-341-field_4\">Pagrindin\u0117 ugdymo \u012fstaiga <span class=\"wpforms-required-label\">*<\/span><\/label><input type=\"text\" id=\"wpforms-341-field_4\" class=\"wpforms-field-medium wpforms-field-required\" name=\"wpforms[fields][4]\" required><\/div><div id=\"wpforms-341-field_5-container\" class=\"wpforms-field wpforms-field-select wpforms-field-select-style-classic\" data-field-id=\"5\"><label class=\"wpforms-field-label\" for=\"wpforms-341-field_5\">Sporto \u0161aka kuri\u0105 norima lankyti <span class=\"wpforms-required-label\">*<\/span><\/label><select id=\"wpforms-341-field_5\" class=\"wpforms-field-medium wpforms-field-required\" name=\"wpforms[fields][5]\" required=\"required\"><option value=\"Rankinis\" >Rankinis<\/option><option value=\"Stalo tenisas\" >Stalo tenisas<\/option><option value=\"Tinklinis\" >Tinklinis<\/option><option value=\"Graik\u0173-rom\u0117n\u0173 imtyn\u0117s\" >Graik\u0173-rom\u0117n\u0173 imtyn\u0117s<\/option><\/select><\/div><div id=\"wpforms-341-field_6-container\" class=\"wpforms-field wpforms-field-select wpforms-field-select-style-classic\" data-field-id=\"6\"><label class=\"wpforms-field-label\" for=\"wpforms-341-field_6\">Treneris (jeigu \u017einoma pas kur\u012f norima eiti)<\/label><select id=\"wpforms-341-field_6\" class=\"wpforms-field-medium\" name=\"wpforms[fields][6]\"><option value=\"N\u0117ra \u017einomas\" >N\u0117ra \u017einomas<\/option><option value=\"Alvydas  Balk\u0117\" >Alvydas  Balk\u0117<\/option><option value=\"Andrej  Venckevi\u010d\" >Andrej  Venckevi\u010d<\/option><option value=\"Edmundas Narodovskis\" >Edmundas Narodovskis<\/option><option value=\"Juzef  Kozlovski\" >Juzef  Kozlovski<\/option><option value=\"Lilija  Firinovi\u010d\" >Lilija  Firinovi\u010d<\/option><option value=\"Svetlana Grinevi\u010d\" >Svetlana Grinevi\u010d<\/option><option value=\"Valdemar Novicki\" >Valdemar Novicki<\/option><option value=\"Valerij  Mazol\" >Valerij  Mazol<\/option><option value=\"Viktoras  Frizelis\" >Viktoras  Frizelis<\/option><option value=\"Viktoras  Jesvilas\" >Viktoras  Jesvilas<\/option><\/select><\/div><div id=\"wpforms-341-field_7-container\" class=\"wpforms-field wpforms-field-select wpforms-field-select-style-classic\" data-field-id=\"7\"><label class=\"wpforms-field-label\" for=\"wpforms-341-field_7\">Lengvatos (jeigu taikomos)<\/label><select id=\"wpforms-341-field_7\" class=\"wpforms-field-medium\" name=\"wpforms[fields][7]\"><option value=\"N\u0117ra taikomos\" >N\u0117ra taikomos<\/option><option value=\"Daugiavaik\u0117 \u0161eima\" >Daugiavaik\u0117 \u0161eima<\/option><option value=\"Socialin\u0117s paramos gav\u0117jo statusas\" >Socialin\u0117s paramos gav\u0117jo statusas<\/option><option value=\"Sportininko ne\u012fgalumas\" >Sportininko ne\u012fgalumas<\/option><option value=\"Globos nam\u0173 aukl\u0117tinis\" >Globos nam\u0173 aukl\u0117tinis<\/option><\/select><\/div><\/div><div class=\"wpforms-submit-container\"><input type=\"hidden\" name=\"wpforms[id]\" value=\"341\"><input type=\"hidden\" name=\"wpforms[author]\" value=\"1\"><button type=\"submit\" name=\"wpforms[submit]\" id=\"wpforms-submit-341\" class=\"wpforms-submit\" aria-live=\"assertive\" value=\"wpforms-submit\">Pateikti<\/button><\/div><\/form><\/div>  <!-- .wpforms-container --><\/div>\n<\/div>\n<\/div><\/div>\n\n\n\n<div class=\"wp-block-cover alignfull\" style=\"min-height:200px;aspect-ratio:unset;\"><span aria-hidden=\"true\" class=\"wp-block-cover__background has-ast-global-color-0-background-color has-background-dim-100 has-background-dim\"><\/span><div class=\"wp-block-cover__inner-container is-layout-flow wp-block-cover-is-layout-flow\">\n<div class=\"wp-block-media-text is-stacked-on-mobile is-vertically-aligned-center\"><figure class=\"wp-block-media-text__media\"><img fetchpriority=\"high\" decoding=\"async\" width=\"1024\" height=\"768\" src=\"https:\/\/eisiskiuarsportomokykla.lt\/wp-content\/uploads\/2023\/03\/darzelis-3-1024x768.jpg\" alt=\"\" class=\"wp-image-757 size-full\" srcset=\"https:\/\/eisiskiuarsportomokykla.lt\/wp-content\/uploads\/2023\/03\/darzelis-3-1024x768.jpg 1024w, https:\/\/eisiskiuarsportomokykla.lt\/wp-content\/uploads\/2023\/03\/darzelis-3-300x225.jpg 300w, https:\/\/eisiskiuarsportomokykla.lt\/wp-content\/uploads\/2023\/03\/darzelis-3-768x576.jpg 768w, https:\/\/eisiskiuarsportomokykla.lt\/wp-content\/uploads\/2023\/03\/darzelis-3-1536x1152.jpg 1536w, https:\/\/eisiskiuarsportomokykla.lt\/wp-content\/uploads\/2023\/03\/darzelis-3.jpg 2048w\" sizes=\"(max-width: 1024px) 100vw, 1024px\" \/><\/figure><div class=\"wp-block-media-text__content\">\n<div class=\"inherit-container-width wp-block-group is-layout-constrained wp-block-group-is-layout-constrained\"><div class=\"wp-block-group__inner-container\">\n<h2 class=\"has-text-align-center has-white-color has-text-color wp-block-heading\" id=\"lorem-ipsum\">Susisiekite su mumis<\/h2>\n\n\n\n<div class=\"wp-block-buttons is-horizontal is-content-justification-center is-layout-flex wp-container-core-buttons-is-layout-03627597 wp-block-buttons-is-layout-flex\">\n<div class=\"wp-block-button\"><a class=\"wp-block-button__link has-ast-global-color-0-color has-text-color has-background wp-element-button\" href=\"#\" style=\"background-color:#ffffff\">(8-380) 56498<\/a><\/div>\n<\/div>\n<\/div><\/div>\n<\/div><\/div>\n<\/div><\/div>\n\n\n\n<div class=\"wp-block-group is-layout-flex wp-block-group-is-layout-flex\"><\/div>\n","protected":false},"excerpt":{"rendered":"<p>Registracijos \u012f sporto mokykl\u0105 forma<\/p>\n","protected":false},"author":1,"featured_media":0,"parent":0,"menu_order":0,"comment_status":"closed","ping_status":"closed","template":"","meta":{"site-sidebar-layout":"no-sidebar","site-content-layout":"plain-container","ast-global-header-display":"","ast-main-header-display":"","ast-hfb-above-header-display":"","ast-hfb-below-header-display":"","ast-hfb-mobile-header-display":"","site-post-title":"disabled","ast-breadcrumbs-content":"","ast-featured-img":"","footer-sml-layout":"","theme-transparent-header-meta":"enabled","adv-header-id-meta":"","stick-header-meta":"","header-above-stick-meta":"","header-main-stick-meta":"","header-below-stick-meta":"","footnotes":""},"class_list":["post-576","page","type-page","status-publish","hentry"],"_links":{"self":[{"href":"https:\/\/eisiskiuarsportomokykla.lt\/index.php\/wp-json\/wp\/v2\/pages\/576","targetHints":{"allow":["GET"]}}],"collection":[{"href":"https:\/\/eisiskiuarsportomokykla.lt\/index.php\/wp-json\/wp\/v2\/pages"}],"about":[{"href":"https:\/\/eisiskiuarsportomokykla.lt\/index.php\/wp-json\/wp\/v2\/types\/page"}],"author":[{"embeddable":true,"href":"https:\/\/eisiskiuarsportomokykla.lt\/index.php\/wp-json\/wp\/v2\/users\/1"}],"replies":[{"embeddable":true,"href":"https:\/\/eisiskiuarsportomokykla.lt\/index.php\/wp-json\/wp\/v2\/comments?post=576"}],"version-history":[{"count":6,"href":"https:\/\/eisiskiuarsportomokykla.lt\/index.php\/wp-json\/wp\/v2\/pages\/576\/revisions"}],"predecessor-version":[{"id":758,"href":"https:\/\/eisiskiuarsportomokykla.lt\/index.php\/wp-json\/wp\/v2\/pages\/576\/revisions\/758"}],"wp:attachment":[{"href":"https:\/\/eisiskiuarsportomokykla.lt\/index.php\/wp-json\/wp\/v2\/media?parent=576"}],"curies":[{"name":"wp","href":"https:\/\/api.w.org\/{rel}","templated":true}]}}