{"id":599,"date":"2022-04-13T21:18:15","date_gmt":"2022-04-13T18:18:15","guid":{"rendered":"https:\/\/eisiskiuarsportomokykla.lt\/?page_id=599"},"modified":"2023-03-02T11:34:55","modified_gmt":"2023-03-02T09:34:55","slug":"rankinis","status":"publish","type":"page","link":"https:\/\/eisiskiuarsportomokykla.lt\/index.php\/rankinis\/","title":{"rendered":"Rankinis"},"content":{"rendered":"\n<div class=\"wp-block-cover alignfull\" style=\"min-height:500px;aspect-ratio:unset;\"><span aria-hidden=\"true\" class=\"wp-block-cover__background has-ast-global-color-0-background-color has-background-dim-100 has-background-dim\"><\/span><div class=\"wp-block-cover__inner-container is-layout-flow wp-block-cover-is-layout-flow\">\n<h1 class=\"has-white-color has-text-color wp-block-heading\">Rankinis<\/h1>\n<\/div><\/div>\n\n\n\n<div class=\"inherit-container-width wp-block-group alignfull has-ast-global-color-5-background-color has-background is-layout-constrained wp-block-group-is-layout-constrained\"><div class=\"wp-block-group__inner-container\">\n<div style=\"height:20px\" aria-hidden=\"true\" class=\"wp-block-spacer\"><\/div>\n\n\n\n<figure class=\"wp-block-image alignleft size-full is-resized\"><img decoding=\"async\" src=\"https:\/\/eisiskiuarsportomokykla.lt\/wp-content\/uploads\/2022\/04\/unnamed.png\" alt=\"\" class=\"wp-image-600\" width=\"192\" height=\"172\" srcset=\"https:\/\/eisiskiuarsportomokykla.lt\/wp-content\/uploads\/2022\/04\/unnamed.png 860w, https:\/\/eisiskiuarsportomokykla.lt\/wp-content\/uploads\/2022\/04\/unnamed-300x269.png 300w, https:\/\/eisiskiuarsportomokykla.lt\/wp-content\/uploads\/2022\/04\/unnamed-768x689.png 768w\" sizes=\"(max-width: 192px) 100vw, 192px\" \/><\/figure>\n\n\n\n<p>&nbsp;&nbsp;&nbsp;&nbsp;&nbsp;&nbsp;&nbsp;Komandinio sporto \u017eaidimas, kurio rungtyn\u0117se dvi komandos siekia pelnyti kuo daugiau \u012fvar\u010di\u0173 \u012fmesdami kamuol\u012f \u012f prie\u0161inink\u0173 vartus. Aik\u0161t\u0117je vienu metu \u017eaid\u017eia po septynis kiekvienos komandos \u017eaid\u0117jus 6 \u017eaid\u0117jai ir vartininkas.&nbsp; Paprastai \u017eaid\u017eiama sal\u0117je. Aik\u0161tel\u0117s ilgis \u2013 40 metr\u0173, plotis \u2013 20 metr\u0173. Svarbiausias \u017eaidimo tikslas \u2013 rankomis varant, perdavin\u0117jant vienas kitam kamuol\u012f \u012fmesti \u012f prie\u0161inink\u0173 komandos vartus. Vienas \u017eaid\u0117jas gali laikyti kamuol\u012f ne daugiau nei tris sekundes, taip pat \u017eengti su juo ne daugiau tris \u017eingsnius, po kuri\u0173 jis privalo perduoti kamuol\u012f kitam \u017eaid\u0117jui. Rankinyje \u017eaid\u0117j\u0173 keitim\u0173 skai\u010dius n\u0117ra ribojamas, ta\u010diau naujas \u017eaid\u0117jas gali \u012feiti \u012f aik\u0161t\u0119, tik po to, kai j\u0105 palieka kitas \u017eaid\u0117jas. Besikei\u010diantys \u017eaid\u0117jai turi \u012feiti ir palikti aik\u0161t\u0119 tik per\u017eengdami speciali\u0105 keitimo linij\u0105. Laimi komanda, \u012fmetusi daugiau \u012fvar\u010di\u0173. \u017daid\u017eiami du k\u0117liniai po 30 minu\u010di\u0173. Rungtyn\u0117se b\u016bna viena 15 minu\u010di\u0173 pertrauka. Po pertraukos komandos kei\u010diasi aik\u0161tel\u0117s pus\u0117mis. Esant b\u016btinybei i\u0161ai\u0161kinti nugal\u0117toj\u0105, gali b\u016bti \u017eaid\u017eiamas prat\u0119simas &#8211; 2 k\u0117liniai po 5 minutes. Jei ir jis baigiasi lygiomis, \u017eaid\u017eiamas dar vienas prat\u0119simas &#8211; 2 k\u0117liniai po 5 minutes. Tuo atveju, jei po dviej\u0173 prat\u0119sim\u0173 nei\u0161ai\u0161kinamas nugal\u0117tojas, metama 7 metr\u0173 baudini\u0173 serija. Rungtyni\u0173 metu kiekvien\u0105 komanda turi teis\u0119 imti po tris vienos minut\u0117s trukm\u0117s pertrauk\u0117les, ta\u010diau ne daugiau kaip dvi per k\u0117lin\u012f ir ne daugiau kaip vien\u0105 likus 5 minut\u0117ms iki rungtyni\u0173 pabaigos.<\/p>\n\n\n\n<h4 class=\"wp-block-heading\"><strong>Istorija<\/strong><\/h4>\n\n\n\n<p>&nbsp;&nbsp;&nbsp;&nbsp;&nbsp;&nbsp;&nbsp;Rankin\u012f 1898 m. suk\u016br\u0117 H. Nielsenas <a href=\"https:\/\/lt.wikipedia.org\/wiki\/Danija\">Danij<\/a>os Ordrupo mieste k\u016bno kult\u016bros pamokoms pa\u012fvairinti. \u0160iuolaikinio rankinio taisykl\u0117s susiformavo XX a. prad\u017eioje. Pirmosiose taisykl\u0117se rankinio rungtyn\u0117se \u017eaisdavo po 11 kiekvienos komandos \u017eaid\u0117j\u0173, aik\u0161t\u0117 buvo didesn\u0117 nei \u0161iuolaikin\u0117. Da\u017eniausiai buvo \u017eaid\u017eiama lauke. <a href=\"https:\/\/lt.wikipedia.org\/wiki\/1928\">1928<\/a>m. Amsterdame \u012fkurta Tarptautin\u0117 m\u0117g\u0117j\u0173 rankinio federacija (<em>International Handball Federation<\/em>, IAHF), <a href=\"https:\/\/lt.wikipedia.org\/wiki\/1936\">1<\/a>936 m. rankinio turnyras pirm\u0105 kart\u0105 surengtas Berlino olimpin\u0117se \u017eaidyn\u0117se. &nbsp;1946 m. <a href=\"https:\/\/lt.wikipedia.org\/wiki\/Kopenhaga\">Kopenhag<\/a>oje \u012fkurta nauja Tarptautin\u0117 rankinio federacija (<em>International Handball Federation<\/em>, IHF), pakeistos taisykl\u0117s, suma\u017eintas aik\u0161t\u0117s dydis bei \u017eaid\u0117j\u0173 (nuo 11 iki 7) skai\u010dius, prad\u0117ti rengti sal\u0117s rankinio turnyrai (nuo <a href=\"https:\/\/lt.wikipedia.org\/wiki\/1966\">1966<\/a>m. lauko rankinio pasaulio \u010dempionatai neberengiami). Sal\u0117s rankinis, b\u016bdamas dinami\u0161kesnis ir patrauklesnis, nurung\u0117 lauko rankin\u012f. 1972 m. vyr\u0173 rankinis v\u0117l \u012ftrauktas \u012f olimpini\u0173 sport\u0173 s\u0105ra\u0161\u0105, <a href=\"https:\/\/lt.wikipedia.org\/wiki\/1976\">19<\/a>76 m. olimpine sporto \u0161aka tapo ir moter\u0173 rankinis<\/p>\n\n\n\n<h4 class=\"wp-block-heading\"><strong>Rankinis Lietuvoje<\/strong><\/h4>\n\n\n\n<p>&nbsp;&nbsp;&nbsp;&nbsp;&nbsp;&nbsp;Lietuvoje pirmasis rankinio turnyras suorganizuotas <a href=\"https:\/\/lt.wikipedia.org\/wiki\/1927\">1927<\/a> m. <a href=\"https:\/\/lt.wikipedia.org\/wiki\/Klaip%C4%97da\">Klaip\u0117doje<\/a>. <a href=\"https:\/\/lt.wikipedia.org\/wiki\/1931\">1931<\/a> m. pirm\u0105 kart\u0105 lietuvi\u0161kai i\u0161spausdintos rankinio taisykl\u0117s (M. Paura, \u201eRankasvydis\u201d).<a href=\"https:\/\/lt.wikipedia.org\/wiki\/1955\"> 1955<\/a> m. suorganizuotos pirmosios Lietuvos taur\u0117s var\u017eybos, <a href=\"https:\/\/lt.wikipedia.org\/wiki\/1956\">1956<\/a> m. surengtas pirmasis Lietuvos \u010dempionatas.<\/p>\n\n\n\n<p>&nbsp;&nbsp;&nbsp;&nbsp;&nbsp;&nbsp;&nbsp;Kauno \u201e\u017dalgirio\u201c moter\u0173 komanda yra 4 kartus laim\u0117jusi <a href=\"https:\/\/lt.wikipedia.org\/wiki\/SSRS\">SSRS<\/a> rankinio \u010dempionat\u0105 (<a href=\"https:\/\/lt.wikipedia.org\/wiki\/1957\">1957<\/a>, <a href=\"https:\/\/lt.wikipedia.org\/wiki\/1960\">1960<\/a>, 1966 ir 1967 m.), vien\u0105 kart\u0105 SSRS taur\u0119 (<a href=\"https:\/\/lt.wikipedia.org\/wiki\/1978\">1978<\/a> m.), du kartus laim\u0117jo <a href=\"https:\/\/lt.wikipedia.org\/wiki\/Europa\">Europos<\/a> taur\u0119 (1967 ir <a href=\"https:\/\/lt.wikipedia.org\/wiki\/1968\">196<\/a>8 m.). Vien\u0105 kart\u0105 SSRS \u010dempionais tapo vyr\u0173 Kauno \u201eAtleto\u201c komanda (<a href=\"https:\/\/lt.wikipedia.org\/wiki\/1963\">1963<\/a> m.), kuri 1962 m. i\u0161kovojo ir bronzos medalius.<\/p>\n\n\n\n<p>&nbsp;&nbsp;&nbsp;&nbsp;&nbsp;&nbsp;&nbsp;Kauno \u201eGranito\u201c vyr\u0173 ir Vilniaus \u201eEgl\u0117s\u201c moter\u0173 rankinio komandos yra po kart\u0105 laim\u0117jusios tarptautin\u0117s rankinio federacijos (IHF) taur\u0119 (<a href=\"https:\/\/lt.wikipedia.org\/wiki\/1987\">1987<\/a> m. ir <a href=\"https:\/\/lt.wikipedia.org\/wiki\/1988\">1988<\/a> m.). Kauno \u201eGranito\u201c vyr\u0173 rankinio komanda SSRS \u010dempionatuose du kartus laim\u0117jo sidabro medalius (1981&nbsp;m. ir 1985&nbsp;m.) bei du kartus \u2013 bronzos (1979 m. ir 1986 m.).<\/p>\n\n\n\n<p>&nbsp;&nbsp;&nbsp;&nbsp;&nbsp;1991 m. \u012fkurta Lietuvos rankinio federacija ir \u012fstojo \u012f Europos rankinio federacij\u0105 (EHF). <a href=\"https:\/\/lt.wikipedia.org\/wiki\/1992\">1<\/a>992 m. \u0161alies federacija priimta \u012f IHF. Nepriklausomos <a href=\"https:\/\/lt.wikipedia.org\/wiki\/Tele2_Lietuvos_auk%C5%A1%C4%8Diausia_rankinio_lyga\">Lietuvos \u010dempionatai<\/a> ir taur\u0117s var\u017eybos rengiamos nuo <a href=\"https:\/\/lt.wikipedia.org\/wiki\/1992\">1992<\/a> m.<\/p>\n\n\n\n<p>&nbsp;&nbsp;&nbsp;&nbsp;\u017daidimas gana sud\u0117tingas, nepaisant to, jis yra gan\u0117tinai populiarus ir tarp moter\u0173, ir tarp vyr\u0173. Tai n\u0117ra labai senas \u017eaidimas, tod\u0117l savo populiarumo vir\u0161\u016bn\u0117s \u0161is \u017eaidimas dar n\u0117ra pasiek\u0119s, nepaisant to, rankinis jau \u012ftraukas \u012f Olimpini\u0173 sport\u0173 s\u0105ra\u0161\u0105, o tai jau nema\u017eas pasiekimas, kuris skatina \u012fsitraukti \u012f \u017eaidim\u0105 vis daugiau \u017emoni\u0173.<\/p>\n\n\n\n<div style=\"height:40px\" aria-hidden=\"true\" class=\"wp-block-spacer\"><\/div>\n<\/div><\/div>\n\n\n\n<div class=\"wp-block-cover alignfull\" style=\"min-height:200px;aspect-ratio:unset;\"><span aria-hidden=\"true\" class=\"wp-block-cover__background has-ast-global-color-0-background-color has-background-dim-100 has-background-dim\"><\/span><div class=\"wp-block-cover__inner-container is-layout-flow wp-block-cover-is-layout-flow\">\n<div class=\"wp-block-media-text is-stacked-on-mobile is-vertically-aligned-center\"><figure class=\"wp-block-media-text__media\"><img fetchpriority=\"high\" decoding=\"async\" width=\"1024\" height=\"768\" src=\"https:\/\/eisiskiuarsportomokykla.lt\/wp-content\/uploads\/2023\/03\/darzelis-6-1024x768.jpg\" alt=\"\" class=\"wp-image-766 size-full\" srcset=\"https:\/\/eisiskiuarsportomokykla.lt\/wp-content\/uploads\/2023\/03\/darzelis-6-1024x768.jpg 1024w, https:\/\/eisiskiuarsportomokykla.lt\/wp-content\/uploads\/2023\/03\/darzelis-6-300x225.jpg 300w, https:\/\/eisiskiuarsportomokykla.lt\/wp-content\/uploads\/2023\/03\/darzelis-6-768x576.jpg 768w, https:\/\/eisiskiuarsportomokykla.lt\/wp-content\/uploads\/2023\/03\/darzelis-6-1536x1152.jpg 1536w, https:\/\/eisiskiuarsportomokykla.lt\/wp-content\/uploads\/2023\/03\/darzelis-6.jpg 2048w\" sizes=\"(max-width: 1024px) 100vw, 1024px\" \/><\/figure><div class=\"wp-block-media-text__content\">\n<div class=\"inherit-container-width wp-block-group is-layout-constrained wp-block-group-is-layout-constrained\"><div class=\"wp-block-group__inner-container\">\n<h2 class=\"has-text-align-center has-white-color has-text-color wp-block-heading\">Kyla klausim\u0173? Skambinkite dabar!<\/h2>\n\n\n\n<div class=\"wp-block-buttons is-horizontal is-content-justification-center is-layout-flex wp-container-core-buttons-is-layout-03627597 wp-block-buttons-is-layout-flex\">\n<div class=\"wp-block-button\"><a class=\"wp-block-button__link has-ast-global-color-0-color has-text-color has-background wp-element-button\" href=\"#\" style=\"background-color:#ffffff\">(8-380) 56498<\/a><\/div>\n<\/div>\n<\/div><\/div>\n<\/div><\/div>\n<\/div><\/div>\n","protected":false},"excerpt":{"rendered":"<p>&nbsp;&nbsp;&nbsp;&nbsp;&nbsp;&nbsp;&nbsp;Komandinio sporto \u017eaidimas, kurio rungtyn\u0117se dvi komandos siekia pelnyti kuo daugiau \u012fvar\u010di\u0173 \u012fmesdami kamuol\u012f \u012f prie\u0161inink\u0173 vartus. Aik\u0161t\u0117je vienu metu \u017eaid\u017eia po septynis kiekvienos komandos \u017eaid\u0117jus 6 \u017eaid\u0117jai ir vartininkas.&nbsp; Paprastai \u017eaid\u017eiama sal\u0117je. Aik\u0161tel\u0117s ilgis \u2013 40 metr\u0173, plotis \u2013 20 metr\u0173. Svarbiausias \u017eaidimo tikslas \u2013 rankomis varant, perdavin\u0117jant vienas kitam kamuol\u012f \u012fmesti \u012f prie\u0161inink\u0173 &hellip;<\/p>\n<p class=\"read-more\"> <a class=\"\" href=\"https:\/\/eisiskiuarsportomokykla.lt\/index.php\/rankinis\/\"> <span class=\"screen-reader-text\">Rankinis<\/span> Skaityti daugiau &raquo;<\/a><\/p>\n","protected":false},"author":1,"featured_media":0,"parent":0,"menu_order":0,"comment_status":"closed","ping_status":"closed","template":"","meta":{"site-sidebar-layout":"no-sidebar","site-content-layout":"plain-container","ast-global-header-display":"","ast-main-header-display":"","ast-hfb-above-header-display":"","ast-hfb-below-header-display":"","ast-hfb-mobile-header-display":"","site-post-title":"disabled","ast-breadcrumbs-content":"","ast-featured-img":"","footer-sml-layout":"","theme-transparent-header-meta":"enabled","adv-header-id-meta":"","stick-header-meta":"","header-above-stick-meta":"","header-main-stick-meta":"","header-below-stick-meta":"","footnotes":""},"class_list":["post-599","page","type-page","status-publish","hentry"],"_links":{"self":[{"href":"https:\/\/eisiskiuarsportomokykla.lt\/index.php\/wp-json\/wp\/v2\/pages\/599","targetHints":{"allow":["GET"]}}],"collection":[{"href":"https:\/\/eisiskiuarsportomokykla.lt\/index.php\/wp-json\/wp\/v2\/pages"}],"about":[{"href":"https:\/\/eisiskiuarsportomokykla.lt\/index.php\/wp-json\/wp\/v2\/types\/page"}],"author":[{"embeddable":true,"href":"https:\/\/eisiskiuarsportomokykla.lt\/index.php\/wp-json\/wp\/v2\/users\/1"}],"replies":[{"embeddable":true,"href":"https:\/\/eisiskiuarsportomokykla.lt\/index.php\/wp-json\/wp\/v2\/comments?post=599"}],"version-history":[{"count":2,"href":"https:\/\/eisiskiuarsportomokykla.lt\/index.php\/wp-json\/wp\/v2\/pages\/599\/revisions"}],"predecessor-version":[{"id":767,"href":"https:\/\/eisiskiuarsportomokykla.lt\/index.php\/wp-json\/wp\/v2\/pages\/599\/revisions\/767"}],"wp:attachment":[{"href":"https:\/\/eisiskiuarsportomokykla.lt\/index.php\/wp-json\/wp\/v2\/media?parent=599"}],"curies":[{"name":"wp","href":"https:\/\/api.w.org\/{rel}","templated":true}]}}