{"id":682,"date":"2023-02-11T00:20:43","date_gmt":"2023-02-10T22:20:43","guid":{"rendered":"https:\/\/eisiskiuarsportomokykla.lt\/?page_id=682"},"modified":"2023-03-02T16:32:28","modified_gmt":"2023-03-02T14:32:28","slug":"asmens-duomenu-apsauga-copy","status":"publish","type":"page","link":"https:\/\/eisiskiuarsportomokykla.lt\/index.php\/asmens-duomenu-apsauga-copy\/","title":{"rendered":"Privatumo ir slapuk\u0173 politika"},"content":{"rendered":"\n<div class=\"wp-block-cover alignfull\" style=\"min-height:500px;aspect-ratio:unset;\"><span aria-hidden=\"true\" class=\"wp-block-cover__background has-ast-global-color-0-background-color has-background-dim-100 has-background-dim\"><\/span><div class=\"wp-block-cover__inner-container is-layout-flow wp-block-cover-is-layout-flow\">\n<h1 class=\"has-white-color has-text-color wp-block-heading\">Privatumo ir slapuk\u0173 politika<\/h1>\n<\/div><\/div>\n\n\n\n<p><\/p>\n\n\n\n<h2 class=\"wp-block-heading\">Bendrosios nuostatos<\/h2>\n\n\n\n<p>\u0160i privatumo politika reglamentuoja tinklalapio SM Tauras (toliau \u2013 www.eisiskiuarsportomokykla.lt ) ir www.eisiskiuarsportomokykla.lt kliento (toliau \u2013 J\u016bs, J\u016bs\u0173) pagrindinius asmens duomen\u0173 rinkimo, tvarkymo, saugojimo principus bei tvark\u0105.<\/p>\n\n\n\n<p>J\u016bs\u0173 asmens duomen\u0173 rinkim\u0105, tvarkym\u0105 ir saugojim\u0105 nustato \u0161i privatumo politika, Lietuvos Respublikos Asmens duomen\u0173 teisin\u0117s apsaugos \u012fstatymas ir kiti teis\u0117s aktai.<\/p>\n\n\n\n<p>Tinklalapyje nurodydami savo asmens duomenis, sutinkate, kad www.eisiskiuarsportomokykla.lt juos valdys ir tvarkys \u0161ioje privatumo politikoje bei teis\u0117s aktuose numatytais tikslais, priemon\u0117mis ir tvarka.<\/p>\n\n\n\n<h2 class=\"wp-block-heading\">Slapukai (angl. cookies)<\/h2>\n\n\n\n<p>Slapukas yra nedidel\u0117 teksto rinkmena, kuri\u0105 svetain\u0117 jums joje apsilankius i\u0161saugo j\u016bs\u0173 kompiuteryje arba judriojo ry\u0161io \u012frenginyje. D\u0117l jo interneto svetain\u0117 gali tam tikr\u0105 laik\u0105 \u201eatsiminti\u201c j\u016bs\u0173 veiksmus ir parinktis (pvz., registracijos vard\u0105, kalb\u0105, ir kitas rodymo parinktis), o jums nereikia j\u0173 i\u0161 naujo \u012fvedin\u0117ti kaskart lankantis svetain\u0117je ar nar\u0161ant \u012fvairiuose jos puslapiuose.<\/p>\n\n\n\n<p>Tinklalapyje www.eisiskiuarsportomokykla.lt \u012fra\u0161yt\u0105 informacij\u0105 naudosime atpa\u017eindami Jus, kaip ankstesn\u012f svetain\u0117s naudotoj\u0105, rinkdami svetain\u0117s lankomumo statistik\u0105. J\u016bs bet kada galite per\u017ei\u016br\u0117ti, koki\u0105 informacij\u0105 (slapukus) \u012fra\u0161ome, ir galite i\u0161trinti dal\u012f ar visus \u012fra\u0161ytus slapukus. Naudodamiesi tinklalapiu sutinkate su tuo, kad J\u016bs\u0173 kompiuterio (\u012frenginio) nar\u0161ykl\u0117je b\u016bt\u0173 \u012fra\u0161oma slapuk\u0173 informacija. Savo sutikim\u0105 bet kada galite at\u0161aukti pakeisdami savo interneto nar\u0161ykl\u0117s nustatymus, i\u0161trindami slapukus ar kreipdamiesi \u012f mus bet kuriais svetain\u0117je skelbiamais kontaktais.<\/p>\n\n\n\n<h2 class=\"wp-block-heading\">Kaip kontroliuoti slapukus?<\/h2>\n\n\n\n<p>Jei pageidaujate, bet kada galite&nbsp;<strong>kontroliuoti ir (arba) i\u0161trinti<\/strong>&nbsp;slapukus. I\u0161samesn\u0117s informacijos pateikiama adresu&nbsp;<a href=\"http:\/\/www.aboutcookies.org\/\">aboutcookies.org<\/a>. Galite i\u0161trinti visus j\u016bs\u0173 kompiuteryje jau esan\u010dius slapukus, o daugum\u0105 nar\u0161ykli\u0173 nustatyti taip, kad slapukai neb\u016bt\u0173 \u012fra\u0161omi j\u016bs\u0173 \u012frenginyje.<\/p>\n\n\n\n<h2 class=\"wp-block-heading\">Taisykli\u0173 keitimas<\/h2>\n\n\n\n<p>www.eisiskiuarsportomokykla.lt turi teis\u0119 i\u0161 dalies ar visi\u0161kai pakeisti privatumo s\u0105lygas apie tai prane\u0161dami tinklalapyje. Tolimesnis naudojimasis m\u016bs\u0173 tinklapio paslaugomis rei\u0161kia \u0161i\u0173 taisykli\u0173 laikym\u0105si.<\/p>\n\n\n\n<p>Jeigu turite klausim\u0173, ra\u0161ykite mums<\/p>\n","protected":false},"excerpt":{"rendered":"<p>Bendrosios nuostatos \u0160i privatumo politika reglamentuoja tinklalapio SM Tauras (toliau \u2013 www.eisiskiuarsportomokykla.lt ) ir www.eisiskiuarsportomokykla.lt kliento (toliau \u2013 J\u016bs, J\u016bs\u0173) pagrindinius asmens duomen\u0173 rinkimo, tvarkymo, saugojimo principus bei tvark\u0105. J\u016bs\u0173 asmens duomen\u0173 rinkim\u0105, tvarkym\u0105 ir saugojim\u0105 nustato \u0161i privatumo politika, Lietuvos Respublikos Asmens duomen\u0173 teisin\u0117s apsaugos \u012fstatymas ir kiti teis\u0117s aktai. Tinklalapyje nurodydami savo asmens &hellip;<\/p>\n<p class=\"read-more\"> <a class=\"\" href=\"https:\/\/eisiskiuarsportomokykla.lt\/index.php\/asmens-duomenu-apsauga-copy\/\"> <span class=\"screen-reader-text\">Privatumo ir slapuk\u0173 politika<\/span> Skaityti daugiau &raquo;<\/a><\/p>\n","protected":false},"author":1,"featured_media":0,"parent":0,"menu_order":0,"comment_status":"closed","ping_status":"closed","template":"","meta":{"site-sidebar-layout":"no-sidebar","site-content-layout":"plain-container","ast-global-header-display":"","ast-main-header-display":"","ast-hfb-above-header-display":"","ast-hfb-below-header-display":"","ast-hfb-mobile-header-display":"","site-post-title":"disabled","ast-breadcrumbs-content":"","ast-featured-img":"","footer-sml-layout":"","theme-transparent-header-meta":"enabled","adv-header-id-meta":"","stick-header-meta":"","header-above-stick-meta":"","header-main-stick-meta":"","header-below-stick-meta":"","footnotes":""},"class_list":["post-682","page","type-page","status-publish","hentry"],"_links":{"self":[{"href":"https:\/\/eisiskiuarsportomokykla.lt\/index.php\/wp-json\/wp\/v2\/pages\/682","targetHints":{"allow":["GET"]}}],"collection":[{"href":"https:\/\/eisiskiuarsportomokykla.lt\/index.php\/wp-json\/wp\/v2\/pages"}],"about":[{"href":"https:\/\/eisiskiuarsportomokykla.lt\/index.php\/wp-json\/wp\/v2\/types\/page"}],"author":[{"embeddable":true,"href":"https:\/\/eisiskiuarsportomokykla.lt\/index.php\/wp-json\/wp\/v2\/users\/1"}],"replies":[{"embeddable":true,"href":"https:\/\/eisiskiuarsportomokykla.lt\/index.php\/wp-json\/wp\/v2\/comments?post=682"}],"version-history":[{"count":8,"href":"https:\/\/eisiskiuarsportomokykla.lt\/index.php\/wp-json\/wp\/v2\/pages\/682\/revisions"}],"predecessor-version":[{"id":821,"href":"https:\/\/eisiskiuarsportomokykla.lt\/index.php\/wp-json\/wp\/v2\/pages\/682\/revisions\/821"}],"wp:attachment":[{"href":"https:\/\/eisiskiuarsportomokykla.lt\/index.php\/wp-json\/wp\/v2\/media?parent=682"}],"curies":[{"name":"wp","href":"https:\/\/api.w.org\/{rel}","templated":true}]}}